{"id":114,"date":"2013-03-10T11:08:11","date_gmt":"2013-03-10T09:08:11","guid":{"rendered":"http:\/\/www.studioella.sk\/hu\/?page_id=114"},"modified":"2017-05-27T12:25:51","modified_gmt":"2017-05-27T10:25:51","slug":"mikrodermabrazio-borcsiszolas-bormegujitas","status":"publish","type":"page","link":"https:\/\/www.studioella.sk\/hu\/mikrodermabrazio-borcsiszolas-bormegujitas\/","title":{"rendered":"Mikrodermabr\u00e1zi\u00f3 &#8211; b\u0151rcsiszol\u00e1s, b\u0151rmeg\u00faj\u00edt\u00e1s"},"content":{"rendered":"<p><a href=\"https:\/\/www.studioella.sk\/wp-content\/uploads\/2013\/03\/mikrodermabrazia_01.jpg\"><img loading=\"lazy\" decoding=\"async\" class=\"alignleft size-full wp-image-295\" alt=\"mikrodermabrazia_01\" src=\"\/\/www.studioella.sk\/wp-content\/uploads\/2013\/03\/mikrodermabrazia_01.jpg\" width=\"300\" height=\"225\" \/><\/a>Az egyik leghat\u00e9konyabb felsz\u00edni peelinges b\u0151rkezel\u00e9s. Alkalmaz\u00e1s\u00e1n\u00e1l sz\u00e9ndioxid krist\u00e1lyokat haszn\u00e1lunk a fels\u0151, elhalt b\u0151rsejtek elt\u00e1vol\u00edt\u00e1s\u00e1ra. Ezzel serkentj\u00fck az \u00faj sejtek k\u00e9pz\u0151d\u00e9s\u00e9t, valamint stimul\u00e1ljuk a b\u0151r legm\u00e9lyebb r\u00e9tegeiben a kollag\u00e9n- \u00e9s elasztinrostok meg\u00fajul\u00e1s\u00e1t.<\/p>\n<p><a href=\"https:\/\/www.studioella.sk\/wp-content\/uploads\/2013\/03\/mikrodermabrazia_02.jpg\"><img loading=\"lazy\" decoding=\"async\" class=\"alignleft size-full wp-image-296\" alt=\"mikrodermabrazia_02\" src=\"\/\/www.studioella.sk\/wp-content\/uploads\/2013\/03\/mikrodermabrazia_02.jpg\" width=\"300\" height=\"225\" \/><\/a><\/p>\n<p>&nbsp;<\/p>\n<p>A kezel\u00e9s nem f\u00e1jdalmas, a kliens semmiben sincs korl\u00e1tozva a mindennapos tev\u00e9kenys\u00e9ge k\u00f6zben. Az \u00e9rz\u00e9kenyebb b\u0151r\u0171ekn\u00e9l enyhe b\u0151rp\u00edr jelentkezhet, amely a kezel\u00e9s ut\u00e1n p\u00e1r \u00f3r\u00e1val elt\u0171nik, de probl\u00e9mamentesen alkalmazhat\u00f3 arc- vagy alapoz\u00f3kr\u00e9m is a p\u00edr lefed\u00e9s\u00e9re.<\/p>\n<p>&nbsp;<\/p>\n<h2><span style=\"color: #000000; font-weight: bold;\">A kezel\u00e9s eredm\u00e9nyek\u00e9nt:<\/span><\/h2>\n<ul>\n<li>A b\u0151r azonnal kisimul<\/li>\n<li>A p\u00f3rusok kitisztulnak<\/li>\n<li>A pigmentfoltok finoman elhalv\u00e1nyodnak<\/li>\n<li>Kev\u00e9sb\u00e9 felt\u0171n\u0151ek lesznek a hegek<\/li>\n<li>Javul a b\u0151r rugalmass\u00e1ga \u00e9s feszess\u00e9ge<\/li>\n<li>Kisimulnak a finomabb r\u00e1ncok<\/li>\n<\/ul>\n<h2>A kezel\u00e9sek aj\u00e1nlott sz\u00e1ma:<\/h2>\n<p>\u00c1ltal\u00e1ban k\u00faraszer\u0171en alkalmazzuk, 3-6 alkalommal, az egyes kezel\u00e9sek k\u00f6zti javasolt id\u0151intervallum 10-14 nap. Az arcb\u0151r t\u00edpusa szerint a dermabr\u00e1zi\u00f3 sikerrel kombin\u00e1lhat\u00f3 a mezoter\u00e1pi\u00e1val vagy m\u00e1s speci\u00e1lis kozmetikai kezel\u00e9ssel is.<\/p>\n<p><a class=\"button small green\" href=\"https:\/\/www.studioella.sk\/hu\/kezelesek\/\">Vissza a Kezel\u00e9sekhez<\/a><\/p>\n","protected":false},"excerpt":{"rendered":"<p>Az egyik leghat\u00e9konyabb felsz\u00edni peelinges b\u0151rkezel\u00e9s. Alkalmaz\u00e1s\u00e1n\u00e1l sz\u00e9ndioxid krist\u00e1lyokat haszn\u00e1lunk a fels\u0151, elhalt b\u0151rsejtek elt\u00e1vol\u00edt\u00e1s\u00e1ra. Ezzel serkentj\u00fck az \u00faj sejtek k\u00e9pz\u0151d\u00e9s\u00e9t, valamint stimul\u00e1ljuk a b\u0151r legm\u00e9lyebb r\u00e9tegeiben a kollag\u00e9n- \u00e9s elasztinrostok meg\u00fajul\u00e1s\u00e1t. &nbsp; A kezel\u00e9s nem f\u00e1jdalmas, a kliens semmiben &hellip; <a href=\"https:\/\/www.studioella.sk\/hu\/mikrodermabrazio-borcsiszolas-bormegujitas\/\">Continue reading <span class=\"meta-nav\">&rarr;<\/span><\/a><\/p>\n","protected":false},"author":1,"featured_media":0,"parent":0,"menu_order":0,"comment_status":"closed","ping_status":"open","template":"","meta":{"ngg_post_thumbnail":0,"footnotes":""},"yoast_head":"<!-- This site is optimized with the Yoast SEO plugin v22.2 - https:\/\/yoast.com\/wordpress\/plugins\/seo\/ -->\n<title>Mikrodermabr\u00e1zi\u00f3 - b\u0151rcsiszol\u00e1s, b\u0151rmeg\u00faj\u00edt\u00e1s - Ella St\u00fadi\u00f3<\/title>\n<meta name=\"description\" content=\"Mikrodermabr\u00e1zi\u00f3 - b\u0151rcsiszol\u00e1s, b\u0151rmeg\u00faj\u00edt\u00e1s - az egyik leghat\u00e9konyabb felsz\u00edni peelinges b\u0151rkezel\u00e9s.\" \/>\n<meta name=\"robots\" content=\"index, follow, max-snippet:-1, max-image-preview:large, max-video-preview:-1\" \/>\n<link rel=\"canonical\" href=\"https:\/\/www.studioella.sk\/hu\/mikrodermabrazio-borcsiszolas-bormegujitas\/\" \/>\n<meta property=\"og:locale\" content=\"sk_SK\" \/>\n<meta property=\"og:type\" content=\"article\" \/>\n<meta property=\"og:title\" content=\"Mikrodermabr\u00e1zi\u00f3 - b\u0151rcsiszol\u00e1s, b\u0151rmeg\u00faj\u00edt\u00e1s - Ella St\u00fadi\u00f3\" \/>\n<meta property=\"og:description\" content=\"Mikrodermabr\u00e1zi\u00f3 - b\u0151rcsiszol\u00e1s, b\u0151rmeg\u00faj\u00edt\u00e1s - az egyik leghat\u00e9konyabb felsz\u00edni peelinges b\u0151rkezel\u00e9s.\" \/>\n<meta property=\"og:url\" content=\"https:\/\/www.studioella.sk\/hu\/mikrodermabrazio-borcsiszolas-bormegujitas\/\" \/>\n<meta property=\"og:site_name\" content=\"Ella St\u00fadi\u00f3\" \/>\n<meta property=\"article:modified_time\" content=\"2017-05-27T10:25:51+00:00\" \/>\n<meta name=\"twitter:label1\" content=\"Predpokladan\u00fd \u010das \u010d\u00edtania\" \/>\n\t<meta name=\"twitter:data1\" content=\"1 min\u00fata\" \/>\n<script type=\"application\/ld+json\" class=\"yoast-schema-graph\">{\"@context\":\"https:\/\/schema.org\",\"@graph\":[{\"@type\":\"WebPage\",\"@id\":\"https:\/\/www.studioella.sk\/hu\/mikrodermabrazio-borcsiszolas-bormegujitas\/\",\"url\":\"https:\/\/www.studioella.sk\/hu\/mikrodermabrazio-borcsiszolas-bormegujitas\/\",\"name\":\"Mikrodermabr\u00e1zi\u00f3 - b\u0151rcsiszol\u00e1s, b\u0151rmeg\u00faj\u00edt\u00e1s - Ella St\u00fadi\u00f3\",\"isPartOf\":{\"@id\":\"https:\/\/www.studioella.sk\/hu\/#website\"},\"datePublished\":\"2013-03-10T09:08:11+00:00\",\"dateModified\":\"2017-05-27T10:25:51+00:00\",\"description\":\"Mikrodermabr\u00e1zi\u00f3 - b\u0151rcsiszol\u00e1s, b\u0151rmeg\u00faj\u00edt\u00e1s - az egyik leghat\u00e9konyabb felsz\u00edni peelinges b\u0151rkezel\u00e9s.\",\"breadcrumb\":{\"@id\":\"https:\/\/www.studioella.sk\/hu\/mikrodermabrazio-borcsiszolas-bormegujitas\/#breadcrumb\"},\"inLanguage\":\"sk-SK\",\"potentialAction\":[{\"@type\":\"ReadAction\",\"target\":[\"https:\/\/www.studioella.sk\/hu\/mikrodermabrazio-borcsiszolas-bormegujitas\/\"]}]},{\"@type\":\"BreadcrumbList\",\"@id\":\"https:\/\/www.studioella.sk\/hu\/mikrodermabrazio-borcsiszolas-bormegujitas\/#breadcrumb\",\"itemListElement\":[{\"@type\":\"ListItem\",\"position\":1,\"name\":\"F\u0151oldal\",\"item\":\"https:\/\/www.studioella.sk\/hu\/\"},{\"@type\":\"ListItem\",\"position\":2,\"name\":\"Mikrodermabr\u00e1zi\u00f3 &#8211; b\u0151rcsiszol\u00e1s, b\u0151rmeg\u00faj\u00edt\u00e1s\"}]},{\"@type\":\"WebSite\",\"@id\":\"https:\/\/www.studioella.sk\/hu\/#website\",\"url\":\"https:\/\/www.studioella.sk\/hu\/\",\"name\":\"Ella St\u00fadi\u00f3\",\"description\":\"\",\"potentialAction\":[{\"@type\":\"SearchAction\",\"target\":{\"@type\":\"EntryPoint\",\"urlTemplate\":\"https:\/\/www.studioella.sk\/hu\/?s={search_term_string}\"},\"query-input\":\"required name=search_term_string\"}],\"inLanguage\":\"sk-SK\"}]}<\/script>\n<!-- \/ Yoast SEO plugin. -->","yoast_head_json":{"title":"Mikrodermabr\u00e1zi\u00f3 - b\u0151rcsiszol\u00e1s, b\u0151rmeg\u00faj\u00edt\u00e1s - Ella St\u00fadi\u00f3","description":"Mikrodermabr\u00e1zi\u00f3 - b\u0151rcsiszol\u00e1s, b\u0151rmeg\u00faj\u00edt\u00e1s - az egyik leghat\u00e9konyabb felsz\u00edni peelinges b\u0151rkezel\u00e9s.","robots":{"index":"index","follow":"follow","max-snippet":"max-snippet:-1","max-image-preview":"max-image-preview:large","max-video-preview":"max-video-preview:-1"},"canonical":"https:\/\/www.studioella.sk\/hu\/mikrodermabrazio-borcsiszolas-bormegujitas\/","og_locale":"sk_SK","og_type":"article","og_title":"Mikrodermabr\u00e1zi\u00f3 - b\u0151rcsiszol\u00e1s, b\u0151rmeg\u00faj\u00edt\u00e1s - Ella St\u00fadi\u00f3","og_description":"Mikrodermabr\u00e1zi\u00f3 - b\u0151rcsiszol\u00e1s, b\u0151rmeg\u00faj\u00edt\u00e1s - az egyik leghat\u00e9konyabb felsz\u00edni peelinges b\u0151rkezel\u00e9s.","og_url":"https:\/\/www.studioella.sk\/hu\/mikrodermabrazio-borcsiszolas-bormegujitas\/","og_site_name":"Ella St\u00fadi\u00f3","article_modified_time":"2017-05-27T10:25:51+00:00","twitter_misc":{"Predpokladan\u00fd \u010das \u010d\u00edtania":"1 min\u00fata"},"schema":{"@context":"https:\/\/schema.org","@graph":[{"@type":"WebPage","@id":"https:\/\/www.studioella.sk\/hu\/mikrodermabrazio-borcsiszolas-bormegujitas\/","url":"https:\/\/www.studioella.sk\/hu\/mikrodermabrazio-borcsiszolas-bormegujitas\/","name":"Mikrodermabr\u00e1zi\u00f3 - b\u0151rcsiszol\u00e1s, b\u0151rmeg\u00faj\u00edt\u00e1s - Ella St\u00fadi\u00f3","isPartOf":{"@id":"https:\/\/www.studioella.sk\/hu\/#website"},"datePublished":"2013-03-10T09:08:11+00:00","dateModified":"2017-05-27T10:25:51+00:00","description":"Mikrodermabr\u00e1zi\u00f3 - b\u0151rcsiszol\u00e1s, b\u0151rmeg\u00faj\u00edt\u00e1s - az egyik leghat\u00e9konyabb felsz\u00edni peelinges b\u0151rkezel\u00e9s.","breadcrumb":{"@id":"https:\/\/www.studioella.sk\/hu\/mikrodermabrazio-borcsiszolas-bormegujitas\/#breadcrumb"},"inLanguage":"sk-SK","potentialAction":[{"@type":"ReadAction","target":["https:\/\/www.studioella.sk\/hu\/mikrodermabrazio-borcsiszolas-bormegujitas\/"]}]},{"@type":"BreadcrumbList","@id":"https:\/\/www.studioella.sk\/hu\/mikrodermabrazio-borcsiszolas-bormegujitas\/#breadcrumb","itemListElement":[{"@type":"ListItem","position":1,"name":"F\u0151oldal","item":"https:\/\/www.studioella.sk\/hu\/"},{"@type":"ListItem","position":2,"name":"Mikrodermabr\u00e1zi\u00f3 &#8211; b\u0151rcsiszol\u00e1s, b\u0151rmeg\u00faj\u00edt\u00e1s"}]},{"@type":"WebSite","@id":"https:\/\/www.studioella.sk\/hu\/#website","url":"https:\/\/www.studioella.sk\/hu\/","name":"Ella St\u00fadi\u00f3","description":"","potentialAction":[{"@type":"SearchAction","target":{"@type":"EntryPoint","urlTemplate":"https:\/\/www.studioella.sk\/hu\/?s={search_term_string}"},"query-input":"required name=search_term_string"}],"inLanguage":"sk-SK"}]}},"_links":{"self":[{"href":"https:\/\/www.studioella.sk\/hu\/wp-json\/wp\/v2\/pages\/114"}],"collection":[{"href":"https:\/\/www.studioella.sk\/hu\/wp-json\/wp\/v2\/pages"}],"about":[{"href":"https:\/\/www.studioella.sk\/hu\/wp-json\/wp\/v2\/types\/page"}],"author":[{"embeddable":true,"href":"https:\/\/www.studioella.sk\/hu\/wp-json\/wp\/v2\/users\/1"}],"replies":[{"embeddable":true,"href":"https:\/\/www.studioella.sk\/hu\/wp-json\/wp\/v2\/comments?post=114"}],"version-history":[{"count":9,"href":"https:\/\/www.studioella.sk\/hu\/wp-json\/wp\/v2\/pages\/114\/revisions"}],"predecessor-version":[{"id":304,"href":"https:\/\/www.studioella.sk\/hu\/wp-json\/wp\/v2\/pages\/114\/revisions\/304"}],"wp:attachment":[{"href":"https:\/\/www.studioella.sk\/hu\/wp-json\/wp\/v2\/media?parent=114"}],"curies":[{"name":"wp","href":"https:\/\/api.w.org\/{rel}","templated":true}]}}