{"id":131,"date":"2013-03-10T11:23:46","date_gmt":"2013-03-10T09:23:46","guid":{"rendered":"http:\/\/www.studioella.sk\/hu\/?page_id=131"},"modified":"2021-02-28T18:23:18","modified_gmt":"2021-02-28T16:23:18","slug":"kepgaleria","status":"publish","type":"page","link":"https:\/\/www.studioella.sk\/hu\/kepgaleria\/","title":{"rendered":"K\u00e9pgal\u00e9ria"},"content":{"rendered":"<p><ul class=\"ngg-breadcrumbs\">\n\t\t\t<li class=\"ngg-breadcrumb\">\n\t\t\t\t\t\t\t Kar\u00e1csonyi akci\u00f3\t\t\t\t\t\t\t\t<\/li>\n\t<\/ul>\n<div class=\"ngg-albumoverview\">\t\n\t<!-- List of galleries -->\n\t\n\t<div class=\"ngg-album-custom\">\n\t\t<a href=\"https:\/\/www.studioella.sk\/hu\/kepgaleria\/nggallery\/kepgaleria\/karacsonyi-akcio\">\n\t\t\t<div class=\"ngg-albumcontent\">\n\t\t\t\t<div class=\"ngg-thumbnail\">\n\t\t\t\t\t<img class=\"Thumb\" alt=\" Kar\u00e1csonyi akci\u00f3\" src=\"https:\/\/www.studioella.sk\/hu\/wp-content\/blogs.dir\/2\/files\/karacsonyi-akcio\/cache\/vianocna-akcia-06.jpg-nggid0221-ngg0dyn-226x188x95-00f0w010c011r110f110r010t010.jpg\"\/>\n\t\t\t\t\t<span class=\"imageoverlay\"><\/span>\n\t\t\t\t<\/div>\n\t\t\t\t<div class=\"ngg-description\">\n\t\t\t\t\t<p><\/p>\n\t\t\t\t<\/div>\n\t\t\t<\/div>\n\t\t\t<div class=\"ngg-albumtitle\">\n\t\t\t\t Kar\u00e1csonyi akci\u00f3\t\t\t<\/div>\n\t\t<\/a>\n\t<\/div>\n\t\n\n \t\n\t<div class=\"ngg-album-custom\">\n\t\t<a href=\"https:\/\/www.studioella.sk\/hu\/kepgaleria\/nggallery\/kepgaleria\/sminkiskola\">\n\t\t\t<div class=\"ngg-albumcontent\">\n\t\t\t\t<div class=\"ngg-thumbnail\">\n\t\t\t\t\t<img class=\"Thumb\" alt=\"Sminkiskola\" src=\"https:\/\/www.studioella.sk\/hu\/wp-content\/blogs.dir\/2\/files\/sminkiskola\/cache\/skola-licenia-004.jpg-nggid0215-ngg0dyn-226x188x95-00f0w010c011r110f110r010t010.jpg\"\/>\n\t\t\t\t\t<span class=\"imageoverlay\"><\/span>\n\t\t\t\t<\/div>\n\t\t\t\t<div class=\"ngg-description\">\n\t\t\t\t\t<p><\/p>\n\t\t\t\t<\/div>\n\t\t\t<\/div>\n\t\t\t<div class=\"ngg-albumtitle\">\n\t\t\t\tSminkiskola\t\t\t<\/div>\n\t\t<\/a>\n\t<\/div>\n\t\n\n \t\n\t<div class=\"ngg-album-custom\">\n\t\t<a href=\"https:\/\/www.studioella.sk\/hu\/kepgaleria\/nggallery\/kepgaleria\/kezelesek\">\n\t\t\t<div class=\"ngg-albumcontent\">\n\t\t\t\t<div class=\"ngg-thumbnail\">\n\t\t\t\t\t<img class=\"Thumb\" alt=\"Kezel\u00e9sek\" src=\"https:\/\/www.studioella.sk\/hu\/wp-content\/blogs.dir\/2\/files\/kezelesek\/cache\/img_0967.jpg-nggid013-ngg0dyn-226x188x95-00f0w010c011r110f110r010t010.jpg\"\/>\n\t\t\t\t\t<span class=\"imageoverlay\"><\/span>\n\t\t\t\t<\/div>\n\t\t\t\t<div class=\"ngg-description\">\n\t\t\t\t\t<p><\/p>\n\t\t\t\t<\/div>\n\t\t\t<\/div>\n\t\t\t<div class=\"ngg-albumtitle\">\n\t\t\t\tKezel\u00e9sek\t\t\t<\/div>\n\t\t<\/a>\n\t<\/div>\n\t\n\n \t\n\t<div class=\"ngg-album-custom\">\n\t\t<a href=\"https:\/\/www.studioella.sk\/hu\/kepgaleria\/nggallery\/kepgaleria\/sminkeles\">\n\t\t\t<div class=\"ngg-albumcontent\">\n\t\t\t\t<div class=\"ngg-thumbnail\">\n\t\t\t\t\t<img class=\"Thumb\" alt=\"Sminkel\u00e9s\" src=\"https:\/\/www.studioella.sk\/hu\/wp-content\/blogs.dir\/2\/files\/sminkeles\/cache\/img_0268.jpg-nggid015-ngg0dyn-226x188x95-00f0w010c011r110f110r010t010.jpg\"\/>\n\t\t\t\t\t<span class=\"imageoverlay\"><\/span>\n\t\t\t\t<\/div>\n\t\t\t\t<div class=\"ngg-description\">\n\t\t\t\t\t<p><\/p>\n\t\t\t\t<\/div>\n\t\t\t<\/div>\n\t\t\t<div class=\"ngg-albumtitle\">\n\t\t\t\tSminkel\u00e9s\t\t\t<\/div>\n\t\t<\/a>\n\t<\/div>\n\t\n\n \t \t\n\t<!-- Pagination -->\n \t<div class='ngg-clear'><\/div> \t\n<\/div>\n\n<\/p>\n","protected":false},"excerpt":{"rendered":"<p>Kar\u00e1csonyi akci\u00f3 Kar\u00e1csonyi akci\u00f3 Sminkiskola Kezel\u00e9sek Sminkel\u00e9s<\/p>\n","protected":false},"author":1,"featured_media":0,"parent":0,"menu_order":0,"comment_status":"closed","ping_status":"open","template":"","meta":{"ngg_post_thumbnail":0,"footnotes":""},"yoast_head":"<!-- This site is optimized with the Yoast SEO plugin v22.2 - https:\/\/yoast.com\/wordpress\/plugins\/seo\/ -->\n<title>K\u00e9pgal\u00e9ria - Ella St\u00fadi\u00f3<\/title>\n<meta name=\"description\" content=\"Ella Gy\u00f3gykozmetikai St\u00fadi\u00f3 k\u00e9pgal\u00e9ria\" \/>\n<meta name=\"robots\" content=\"index, follow, max-snippet:-1, max-image-preview:large, max-video-preview:-1\" \/>\n<link rel=\"canonical\" href=\"https:\/\/www.studioella.sk\/hu\/kepgaleria\/\" \/>\n<meta property=\"og:locale\" content=\"sk_SK\" \/>\n<meta property=\"og:type\" content=\"article\" \/>\n<meta property=\"og:title\" content=\"K\u00e9pgal\u00e9ria - Ella St\u00fadi\u00f3\" \/>\n<meta property=\"og:description\" content=\"Ella Gy\u00f3gykozmetikai St\u00fadi\u00f3 k\u00e9pgal\u00e9ria\" \/>\n<meta property=\"og:url\" content=\"https:\/\/www.studioella.sk\/hu\/kepgaleria\/\" \/>\n<meta property=\"og:site_name\" content=\"Ella St\u00fadi\u00f3\" \/>\n<meta property=\"article:modified_time\" content=\"2021-02-28T16:23:18+00:00\" \/>\n<meta property=\"og:image\" content=\"https:\/\/www.studioella.sk\/hu\/nextgen-attach_to_post\/preview\/id--264\" \/>\n<script type=\"application\/ld+json\" class=\"yoast-schema-graph\">{\"@context\":\"https:\/\/schema.org\",\"@graph\":[{\"@type\":\"WebPage\",\"@id\":\"https:\/\/www.studioella.sk\/hu\/kepgaleria\/\",\"url\":\"https:\/\/www.studioella.sk\/hu\/kepgaleria\/\",\"name\":\"K\u00e9pgal\u00e9ria - Ella St\u00fadi\u00f3\",\"isPartOf\":{\"@id\":\"https:\/\/www.studioella.sk\/hu\/#website\"},\"primaryImageOfPage\":{\"@id\":\"https:\/\/www.studioella.sk\/hu\/kepgaleria\/#primaryimage\"},\"image\":{\"@id\":\"https:\/\/www.studioella.sk\/hu\/kepgaleria\/#primaryimage\"},\"thumbnailUrl\":\"https:\/\/www.studioella.sk\/hu\/nextgen-attach_to_post\/preview\/id--264\",\"datePublished\":\"2013-03-10T09:23:46+00:00\",\"dateModified\":\"2021-02-28T16:23:18+00:00\",\"description\":\"Ella Gy\u00f3gykozmetikai St\u00fadi\u00f3 k\u00e9pgal\u00e9ria\",\"breadcrumb\":{\"@id\":\"https:\/\/www.studioella.sk\/hu\/kepgaleria\/#breadcrumb\"},\"inLanguage\":\"sk-SK\",\"potentialAction\":[{\"@type\":\"ReadAction\",\"target\":[\"https:\/\/www.studioella.sk\/hu\/kepgaleria\/\"]}]},{\"@type\":\"ImageObject\",\"inLanguage\":\"sk-SK\",\"@id\":\"https:\/\/www.studioella.sk\/hu\/kepgaleria\/#primaryimage\",\"url\":\"https:\/\/www.studioella.sk\/hu\/nextgen-attach_to_post\/preview\/id--264\",\"contentUrl\":\"https:\/\/www.studioella.sk\/hu\/nextgen-attach_to_post\/preview\/id--264\"},{\"@type\":\"BreadcrumbList\",\"@id\":\"https:\/\/www.studioella.sk\/hu\/kepgaleria\/#breadcrumb\",\"itemListElement\":[{\"@type\":\"ListItem\",\"position\":1,\"name\":\"F\u0151oldal\",\"item\":\"https:\/\/www.studioella.sk\/hu\/\"},{\"@type\":\"ListItem\",\"position\":2,\"name\":\"K\u00e9pgal\u00e9ria\"}]},{\"@type\":\"WebSite\",\"@id\":\"https:\/\/www.studioella.sk\/hu\/#website\",\"url\":\"https:\/\/www.studioella.sk\/hu\/\",\"name\":\"Ella St\u00fadi\u00f3\",\"description\":\"\",\"potentialAction\":[{\"@type\":\"SearchAction\",\"target\":{\"@type\":\"EntryPoint\",\"urlTemplate\":\"https:\/\/www.studioella.sk\/hu\/?s={search_term_string}\"},\"query-input\":\"required name=search_term_string\"}],\"inLanguage\":\"sk-SK\"}]}<\/script>\n<!-- \/ Yoast SEO plugin. -->","yoast_head_json":{"title":"K\u00e9pgal\u00e9ria - Ella St\u00fadi\u00f3","description":"Ella Gy\u00f3gykozmetikai St\u00fadi\u00f3 k\u00e9pgal\u00e9ria","robots":{"index":"index","follow":"follow","max-snippet":"max-snippet:-1","max-image-preview":"max-image-preview:large","max-video-preview":"max-video-preview:-1"},"canonical":"https:\/\/www.studioella.sk\/hu\/kepgaleria\/","og_locale":"sk_SK","og_type":"article","og_title":"K\u00e9pgal\u00e9ria - Ella St\u00fadi\u00f3","og_description":"Ella Gy\u00f3gykozmetikai St\u00fadi\u00f3 k\u00e9pgal\u00e9ria","og_url":"https:\/\/www.studioella.sk\/hu\/kepgaleria\/","og_site_name":"Ella St\u00fadi\u00f3","article_modified_time":"2021-02-28T16:23:18+00:00","og_image":[{"url":"https:\/\/www.studioella.sk\/hu\/nextgen-attach_to_post\/preview\/id--264"}],"schema":{"@context":"https:\/\/schema.org","@graph":[{"@type":"WebPage","@id":"https:\/\/www.studioella.sk\/hu\/kepgaleria\/","url":"https:\/\/www.studioella.sk\/hu\/kepgaleria\/","name":"K\u00e9pgal\u00e9ria - Ella St\u00fadi\u00f3","isPartOf":{"@id":"https:\/\/www.studioella.sk\/hu\/#website"},"primaryImageOfPage":{"@id":"https:\/\/www.studioella.sk\/hu\/kepgaleria\/#primaryimage"},"image":{"@id":"https:\/\/www.studioella.sk\/hu\/kepgaleria\/#primaryimage"},"thumbnailUrl":"https:\/\/www.studioella.sk\/hu\/nextgen-attach_to_post\/preview\/id--264","datePublished":"2013-03-10T09:23:46+00:00","dateModified":"2021-02-28T16:23:18+00:00","description":"Ella Gy\u00f3gykozmetikai St\u00fadi\u00f3 k\u00e9pgal\u00e9ria","breadcrumb":{"@id":"https:\/\/www.studioella.sk\/hu\/kepgaleria\/#breadcrumb"},"inLanguage":"sk-SK","potentialAction":[{"@type":"ReadAction","target":["https:\/\/www.studioella.sk\/hu\/kepgaleria\/"]}]},{"@type":"ImageObject","inLanguage":"sk-SK","@id":"https:\/\/www.studioella.sk\/hu\/kepgaleria\/#primaryimage","url":"https:\/\/www.studioella.sk\/hu\/nextgen-attach_to_post\/preview\/id--264","contentUrl":"https:\/\/www.studioella.sk\/hu\/nextgen-attach_to_post\/preview\/id--264"},{"@type":"BreadcrumbList","@id":"https:\/\/www.studioella.sk\/hu\/kepgaleria\/#breadcrumb","itemListElement":[{"@type":"ListItem","position":1,"name":"F\u0151oldal","item":"https:\/\/www.studioella.sk\/hu\/"},{"@type":"ListItem","position":2,"name":"K\u00e9pgal\u00e9ria"}]},{"@type":"WebSite","@id":"https:\/\/www.studioella.sk\/hu\/#website","url":"https:\/\/www.studioella.sk\/hu\/","name":"Ella St\u00fadi\u00f3","description":"","potentialAction":[{"@type":"SearchAction","target":{"@type":"EntryPoint","urlTemplate":"https:\/\/www.studioella.sk\/hu\/?s={search_term_string}"},"query-input":"required name=search_term_string"}],"inLanguage":"sk-SK"}]}},"_links":{"self":[{"href":"https:\/\/www.studioella.sk\/hu\/wp-json\/wp\/v2\/pages\/131"}],"collection":[{"href":"https:\/\/www.studioella.sk\/hu\/wp-json\/wp\/v2\/pages"}],"about":[{"href":"https:\/\/www.studioella.sk\/hu\/wp-json\/wp\/v2\/types\/page"}],"author":[{"embeddable":true,"href":"https:\/\/www.studioella.sk\/hu\/wp-json\/wp\/v2\/users\/1"}],"replies":[{"embeddable":true,"href":"https:\/\/www.studioella.sk\/hu\/wp-json\/wp\/v2\/comments?post=131"}],"version-history":[{"count":8,"href":"https:\/\/www.studioella.sk\/hu\/wp-json\/wp\/v2\/pages\/131\/revisions"}],"predecessor-version":[{"id":315,"href":"https:\/\/www.studioella.sk\/hu\/wp-json\/wp\/v2\/pages\/131\/revisions\/315"}],"wp:attachment":[{"href":"https:\/\/www.studioella.sk\/hu\/wp-json\/wp\/v2\/media?parent=131"}],"curies":[{"name":"wp","href":"https:\/\/api.w.org\/{rel}","templated":true}]}}