{"id":138,"date":"2013-03-10T12:00:24","date_gmt":"2013-03-10T10:00:24","guid":{"rendered":"http:\/\/www.studioella.sk\/hu\/?page_id=138"},"modified":"2018-03-03T18:48:19","modified_gmt":"2018-03-03T16:48:19","slug":"arlista","status":"publish","type":"page","link":"https:\/\/www.studioella.sk\/hu\/arlista\/","title":{"rendered":"\u00c1rlista"},"content":{"rendered":"<p>\u00c1rjegyz\u00e9k \u00e9rv\u00e9nyes 2013, jan. 28-\u00e1t\u00f3l<\/p>\n<p>\n<table id=\"tablepress-1\" class=\"tablepress tablepress-id-1\">\n<thead>\n<tr class=\"row-1 odd\">\n\t<th colspan=\"2\" class=\"column-1\">Nem invaz\u00edv mezoter\u00e1pia<\/th>\n<\/tr>\n<\/thead>\n<tbody class=\"row-hover\">\n<tr class=\"row-2 even\">\n\t<td class=\"column-1\">arc<\/td><td class=\"column-2\">35,00<\/td>\n<\/tr>\n<tr class=\"row-3 odd\">\n\t<td class=\"column-1\">arc \u00e9s nyak<\/td><td class=\"column-2\">45,00<\/td>\n<\/tr>\n<tr class=\"row-4 even\">\n\t<td class=\"column-1\">arc, nyak \u00e9s dekolt\u00e1zs<\/td><td class=\"column-2\">53,00<\/td>\n<\/tr>\n<tr class=\"row-5 odd\">\n\t<td class=\"column-1\"><\/td><td class=\"column-2\"><\/td>\n<\/tr>\n<\/tbody>\n<\/table>\n<br \/>\n\n<table id=\"tablepress-2\" class=\"tablepress tablepress-id-2\">\n<thead>\n<tr class=\"row-1 odd\">\n\t<th colspan=\"2\" class=\"column-1\"><\/th>\n<\/tr>\n<\/thead>\n<tbody class=\"row-hover\">\n<tr class=\"row-2 even\">\n\t<td class=\"column-1\"><\/td><td class=\"column-2\"><\/td>\n<\/tr>\n<tr class=\"row-3 odd\">\n\t<td class=\"column-1\"><\/td><td class=\"column-2\"><\/td>\n<\/tr>\n<tr class=\"row-4 even\">\n\t<td class=\"column-1\"><\/td><td class=\"column-2\"><\/td>\n<\/tr>\n<tr class=\"row-5 odd\">\n\t<td class=\"column-1\"><\/td><td class=\"column-2\"><\/td>\n<\/tr>\n<\/tbody>\n<\/table>\n<br \/>\n\n<table id=\"tablepress-3\" class=\"tablepress tablepress-id-3\">\n<thead>\n<tr class=\"row-1 odd\">\n\t<th colspan=\"2\" class=\"column-1\">Mikrodermabr\u00e1zi\u00f3<\/th>\n<\/tr>\n<\/thead>\n<tbody class=\"row-hover\">\n<tr class=\"row-2 even\">\n\t<td class=\"column-1\"><\/td><td class=\"column-2\"><\/td>\n<\/tr>\n<tr class=\"row-3 odd\">\n\t<td class=\"column-1\"><\/td><td class=\"column-2\"><\/td>\n<\/tr>\n<tr class=\"row-4 even\">\n\t<td class=\"column-1\"><\/td><td class=\"column-2\"><\/td>\n<\/tr>\n<tr class=\"row-5 odd\">\n\t<td class=\"column-1\"><\/td><td class=\"column-2\"><\/td>\n<\/tr>\n<\/tbody>\n<\/table>\n<br \/>\n\n<table id=\"tablepress-4\" class=\"tablepress tablepress-id-4\">\n<thead>\n<tr class=\"row-1 odd\">\n\t<th colspan=\"2\" class=\"column-1\">MCCM vegyi peeling<\/th>\n<\/tr>\n<\/thead>\n<tbody class=\"row-hover\">\n<tr class=\"row-2 even\">\n\t<td class=\"column-1\">Arc<\/td><td class=\"column-2\">33,00<\/td>\n<\/tr>\n<tr class=\"row-3 odd\">\n\t<td class=\"column-1\"><\/td><td class=\"column-2\">37,00<\/td>\n<\/tr>\n<tr class=\"row-4 even\">\n\t<td class=\"column-1\">Arc, nyak \u00e9s dekolt\u00e1zs<\/td><td class=\"column-2\">53,00<\/td>\n<\/tr>\n<\/tbody>\n<\/table>\n<br \/>\n\n<table id=\"tablepress-5\" class=\"tablepress tablepress-id-5\">\n<thead>\n<tr class=\"row-1 odd\">\n\t<th colspan=\"2\" class=\"column-1\">R\u00e1di\u00f3frekvencia<\/th>\n<\/tr>\n<\/thead>\n<tbody class=\"row-hover\">\n<tr class=\"row-2 even\">\n\t<td class=\"column-1\">arc \u00e9s nyak<\/td><td class=\"column-2\"><\/td>\n<\/tr>\n<tr class=\"row-3 odd\">\n\t<td class=\"column-1\">arc, nyak \u00e9s dekolt\u00e1zs<\/td><td class=\"column-2\"><\/td>\n<\/tr>\n<tr class=\"row-4 even\">\n\t<td class=\"column-1\"><\/td><td class=\"column-2\"><\/td>\n<\/tr>\n<tr class=\"row-5 odd\">\n\t<td class=\"column-1\"><\/td><td class=\"column-2\"><\/td>\n<\/tr>\n<\/tbody>\n<\/table>\n<br \/>\n\n<table id=\"tablepress-6\" class=\"tablepress tablepress-id-6\">\n<thead>\n<tr class=\"row-1 odd\">\n\t<th colspan=\"2\" class=\"column-1\">Dermorolleres kezel\u00e9s<\/th>\n<\/tr>\n<\/thead>\n<tbody class=\"row-hover\">\n<tr class=\"row-2 even\">\n\t<td class=\"column-1\">arc<\/td><td class=\"column-2\">50,00<\/td>\n<\/tr>\n<tr class=\"row-3 odd\">\n\t<td class=\"column-1\">nyak<\/td><td class=\"column-2\"><\/td>\n<\/tr>\n<tr class=\"row-4 even\">\n\t<td class=\"column-1\">dekolt\u00e1zs<\/td><td class=\"column-2\"><\/td>\n<\/tr>\n<tr class=\"row-5 odd\">\n\t<td class=\"column-1\"><\/td><td class=\"column-2\"><\/td>\n<\/tr>\n<\/tbody>\n<\/table>\n<br \/>\n\n<table id=\"tablepress-7\" class=\"tablepress tablepress-id-7\">\n<thead>\n<tr class=\"row-1 odd\">\n\t<th colspan=\"2\" class=\"column-1\">Kombin\u00e1lt kezel\u00e9sek<\/th>\n<\/tr>\n<\/thead>\n<tbody class=\"row-hover\">\n<tr class=\"row-2 even\">\n\t<td class=\"column-1\"><\/td><td class=\"column-2\"><\/td>\n<\/tr>\n<tr class=\"row-3 odd\">\n\t<td class=\"column-1\"><\/td><td class=\"column-2\"><\/td>\n<\/tr>\n<tr class=\"row-4 even\">\n\t<td class=\"column-1\"><\/td><td class=\"column-2\"><\/td>\n<\/tr>\n<tr class=\"row-5 odd\">\n\t<td class=\"column-1\"><\/td><td class=\"column-2\"><\/td>\n<\/tr>\n<\/tbody>\n<\/table>\n<\/p>\n","protected":false},"excerpt":{"rendered":"<p>\u00c1rjegyz\u00e9k \u00e9rv\u00e9nyes 2013, jan. 28-\u00e1t\u00f3l<\/p>\n","protected":false},"author":1,"featured_media":0,"parent":0,"menu_order":0,"comment_status":"closed","ping_status":"open","template":"","meta":{"ngg_post_thumbnail":0,"footnotes":""},"yoast_head":"<!-- This site is optimized with the Yoast SEO plugin v22.2 - https:\/\/yoast.com\/wordpress\/plugins\/seo\/ -->\n<title>\u00c1rlista - Ella St\u00fadi\u00f3<\/title>\n<meta name=\"robots\" content=\"index, follow, max-snippet:-1, max-image-preview:large, max-video-preview:-1\" \/>\n<link rel=\"canonical\" href=\"https:\/\/www.studioella.sk\/hu\/arlista\/\" \/>\n<meta property=\"og:locale\" content=\"sk_SK\" \/>\n<meta property=\"og:type\" content=\"article\" \/>\n<meta property=\"og:title\" content=\"\u00c1rlista - Ella St\u00fadi\u00f3\" \/>\n<meta property=\"og:description\" content=\"\u00c1rjegyz\u00e9k \u00e9rv\u00e9nyes 2013, jan. 28-\u00e1t\u00f3l\" \/>\n<meta property=\"og:url\" content=\"https:\/\/www.studioella.sk\/hu\/arlista\/\" \/>\n<meta property=\"og:site_name\" content=\"Ella St\u00fadi\u00f3\" \/>\n<meta property=\"article:modified_time\" content=\"2018-03-03T16:48:19+00:00\" \/>\n<script type=\"application\/ld+json\" class=\"yoast-schema-graph\">{\"@context\":\"https:\/\/schema.org\",\"@graph\":[{\"@type\":\"WebPage\",\"@id\":\"https:\/\/www.studioella.sk\/hu\/arlista\/\",\"url\":\"https:\/\/www.studioella.sk\/hu\/arlista\/\",\"name\":\"\u00c1rlista - Ella St\u00fadi\u00f3\",\"isPartOf\":{\"@id\":\"https:\/\/www.studioella.sk\/hu\/#website\"},\"datePublished\":\"2013-03-10T10:00:24+00:00\",\"dateModified\":\"2018-03-03T16:48:19+00:00\",\"breadcrumb\":{\"@id\":\"https:\/\/www.studioella.sk\/hu\/arlista\/#breadcrumb\"},\"inLanguage\":\"sk-SK\",\"potentialAction\":[{\"@type\":\"ReadAction\",\"target\":[\"https:\/\/www.studioella.sk\/hu\/arlista\/\"]}]},{\"@type\":\"BreadcrumbList\",\"@id\":\"https:\/\/www.studioella.sk\/hu\/arlista\/#breadcrumb\",\"itemListElement\":[{\"@type\":\"ListItem\",\"position\":1,\"name\":\"F\u0151oldal\",\"item\":\"https:\/\/www.studioella.sk\/hu\/\"},{\"@type\":\"ListItem\",\"position\":2,\"name\":\"\u00c1rlista\"}]},{\"@type\":\"WebSite\",\"@id\":\"https:\/\/www.studioella.sk\/hu\/#website\",\"url\":\"https:\/\/www.studioella.sk\/hu\/\",\"name\":\"Ella St\u00fadi\u00f3\",\"description\":\"\",\"potentialAction\":[{\"@type\":\"SearchAction\",\"target\":{\"@type\":\"EntryPoint\",\"urlTemplate\":\"https:\/\/www.studioella.sk\/hu\/?s={search_term_string}\"},\"query-input\":\"required name=search_term_string\"}],\"inLanguage\":\"sk-SK\"}]}<\/script>\n<!-- \/ Yoast SEO plugin. -->","yoast_head_json":{"title":"\u00c1rlista - Ella St\u00fadi\u00f3","robots":{"index":"index","follow":"follow","max-snippet":"max-snippet:-1","max-image-preview":"max-image-preview:large","max-video-preview":"max-video-preview:-1"},"canonical":"https:\/\/www.studioella.sk\/hu\/arlista\/","og_locale":"sk_SK","og_type":"article","og_title":"\u00c1rlista - Ella St\u00fadi\u00f3","og_description":"\u00c1rjegyz\u00e9k \u00e9rv\u00e9nyes 2013, jan. 28-\u00e1t\u00f3l","og_url":"https:\/\/www.studioella.sk\/hu\/arlista\/","og_site_name":"Ella St\u00fadi\u00f3","article_modified_time":"2018-03-03T16:48:19+00:00","schema":{"@context":"https:\/\/schema.org","@graph":[{"@type":"WebPage","@id":"https:\/\/www.studioella.sk\/hu\/arlista\/","url":"https:\/\/www.studioella.sk\/hu\/arlista\/","name":"\u00c1rlista - Ella St\u00fadi\u00f3","isPartOf":{"@id":"https:\/\/www.studioella.sk\/hu\/#website"},"datePublished":"2013-03-10T10:00:24+00:00","dateModified":"2018-03-03T16:48:19+00:00","breadcrumb":{"@id":"https:\/\/www.studioella.sk\/hu\/arlista\/#breadcrumb"},"inLanguage":"sk-SK","potentialAction":[{"@type":"ReadAction","target":["https:\/\/www.studioella.sk\/hu\/arlista\/"]}]},{"@type":"BreadcrumbList","@id":"https:\/\/www.studioella.sk\/hu\/arlista\/#breadcrumb","itemListElement":[{"@type":"ListItem","position":1,"name":"F\u0151oldal","item":"https:\/\/www.studioella.sk\/hu\/"},{"@type":"ListItem","position":2,"name":"\u00c1rlista"}]},{"@type":"WebSite","@id":"https:\/\/www.studioella.sk\/hu\/#website","url":"https:\/\/www.studioella.sk\/hu\/","name":"Ella St\u00fadi\u00f3","description":"","potentialAction":[{"@type":"SearchAction","target":{"@type":"EntryPoint","urlTemplate":"https:\/\/www.studioella.sk\/hu\/?s={search_term_string}"},"query-input":"required name=search_term_string"}],"inLanguage":"sk-SK"}]}},"_links":{"self":[{"href":"https:\/\/www.studioella.sk\/hu\/wp-json\/wp\/v2\/pages\/138"}],"collection":[{"href":"https:\/\/www.studioella.sk\/hu\/wp-json\/wp\/v2\/pages"}],"about":[{"href":"https:\/\/www.studioella.sk\/hu\/wp-json\/wp\/v2\/types\/page"}],"author":[{"embeddable":true,"href":"https:\/\/www.studioella.sk\/hu\/wp-json\/wp\/v2\/users\/1"}],"replies":[{"embeddable":true,"href":"https:\/\/www.studioella.sk\/hu\/wp-json\/wp\/v2\/comments?post=138"}],"version-history":[{"count":4,"href":"https:\/\/www.studioella.sk\/hu\/wp-json\/wp\/v2\/pages\/138\/revisions"}],"predecessor-version":[{"id":181,"href":"https:\/\/www.studioella.sk\/hu\/wp-json\/wp\/v2\/pages\/138\/revisions\/181"}],"wp:attachment":[{"href":"https:\/\/www.studioella.sk\/hu\/wp-json\/wp\/v2\/media?parent=138"}],"curies":[{"name":"wp","href":"https:\/\/api.w.org\/{rel}","templated":true}]}}