{"id":14,"date":"2013-03-07T10:45:41","date_gmt":"2013-03-07T08:45:41","guid":{"rendered":"http:\/\/www.studioella.sk\/hu\/?page_id=14"},"modified":"2021-02-28T18:23:24","modified_gmt":"2021-02-28T16:23:24","slug":"ajandekutalvanyok","status":"publish","type":"page","link":"https:\/\/www.studioella.sk\/hu\/ajandekutalvanyok\/","title":{"rendered":"Aj\u00e1nd\u00e9kutalv\u00e1nyok"},"content":{"rendered":"<p>Ha nem tudja eld\u00f6nteni, mit aj\u00e1nd\u00e9kozzon szeretteinek, ismer\u0151seinek, mi sz\u00edvesen seg\u00edt\u00fcnk \u00f6nnek a v\u00e1laszt\u00e1sban! Tetsz\u00e9s szerinti kozmetikai vagy wellness kezel\u00e9seket tartalmaz\u00f3 aj\u00e1nd\u00e9kutalv\u00e1nyokat aj\u00e1nlunk, de kedv\u00e9re v\u00e1logathat sz\u00e9ps\u00e9gszalonunk exkluz\u00edv kozmetikai term\u00e9keib\u0151l is. Az aj\u00e1nd\u00e9kutalv\u00e1ny \u00e1r\u00e1t \u00f6n hat\u00e1rozza meg, de minden t\u00e9ren a rendelkez\u00e9s\u00e9re \u00e1llunk!<\/p>\n<p><img loading=\"lazy\" decoding=\"async\" class=\"aligncenter size-full wp-image-71\" alt=\"darcekovy-poukaz\" src=\"\/\/www.studioella.sk\/wp-content\/uploads\/2013\/03\/darcekovy-poukaz.png\" width=\"350\" height=\"240\" \/><\/p>\n","protected":false},"excerpt":{"rendered":"<p>Ha nem tudja eld\u00f6nteni, mit aj\u00e1nd\u00e9kozzon szeretteinek, ismer\u0151seinek, mi sz\u00edvesen seg\u00edt\u00fcnk \u00f6nnek a v\u00e1laszt\u00e1sban! Tetsz\u00e9s szerinti kozmetikai vagy wellness kezel\u00e9seket tartalmaz\u00f3 aj\u00e1nd\u00e9kutalv\u00e1nyokat aj\u00e1nlunk, de kedv\u00e9re v\u00e1logathat sz\u00e9ps\u00e9gszalonunk exkluz\u00edv kozmetikai term\u00e9keib\u0151l is. Az aj\u00e1nd\u00e9kutalv\u00e1ny \u00e1r\u00e1t \u00f6n hat\u00e1rozza meg, de minden t\u00e9ren &hellip; <a href=\"https:\/\/www.studioella.sk\/hu\/ajandekutalvanyok\/\">Continue reading <span class=\"meta-nav\">&rarr;<\/span><\/a><\/p>\n","protected":false},"author":1,"featured_media":0,"parent":0,"menu_order":0,"comment_status":"closed","ping_status":"open","template":"","meta":{"ngg_post_thumbnail":0,"footnotes":""},"yoast_head":"<!-- This site is optimized with the Yoast SEO plugin v22.2 - https:\/\/yoast.com\/wordpress\/plugins\/seo\/ -->\n<title>Aj\u00e1nd\u00e9kutalv\u00e1nyok - Ella St\u00fadi\u00f3<\/title>\n<meta name=\"description\" content=\"Nem tudja eld\u00f6nteni, mit aj\u00e1nd\u00e9kozzon szeretteinek, ismer\u0151seinek? Tetsz\u00e9s szerinti kozmetikai vagy wellness kezel\u00e9seket tartalmaz\u00f3 aj\u00e1nd\u00e9kutalv\u00e1nyokat aj\u00e1nlunk.\" \/>\n<meta name=\"robots\" content=\"index, follow, max-snippet:-1, max-image-preview:large, max-video-preview:-1\" \/>\n<link rel=\"canonical\" href=\"https:\/\/www.studioella.sk\/hu\/ajandekutalvanyok\/\" \/>\n<meta property=\"og:locale\" content=\"sk_SK\" \/>\n<meta property=\"og:type\" content=\"article\" \/>\n<meta property=\"og:title\" content=\"Aj\u00e1nd\u00e9kutalv\u00e1nyok - Ella St\u00fadi\u00f3\" \/>\n<meta property=\"og:description\" content=\"Nem tudja eld\u00f6nteni, mit aj\u00e1nd\u00e9kozzon szeretteinek, ismer\u0151seinek? Tetsz\u00e9s szerinti kozmetikai vagy wellness kezel\u00e9seket tartalmaz\u00f3 aj\u00e1nd\u00e9kutalv\u00e1nyokat aj\u00e1nlunk.\" \/>\n<meta property=\"og:url\" content=\"https:\/\/www.studioella.sk\/hu\/ajandekutalvanyok\/\" \/>\n<meta property=\"og:site_name\" content=\"Ella St\u00fadi\u00f3\" \/>\n<meta property=\"article:modified_time\" content=\"2021-02-28T16:23:24+00:00\" \/>\n<script type=\"application\/ld+json\" class=\"yoast-schema-graph\">{\"@context\":\"https:\/\/schema.org\",\"@graph\":[{\"@type\":\"WebPage\",\"@id\":\"https:\/\/www.studioella.sk\/hu\/ajandekutalvanyok\/\",\"url\":\"https:\/\/www.studioella.sk\/hu\/ajandekutalvanyok\/\",\"name\":\"Aj\u00e1nd\u00e9kutalv\u00e1nyok - Ella St\u00fadi\u00f3\",\"isPartOf\":{\"@id\":\"https:\/\/www.studioella.sk\/hu\/#website\"},\"datePublished\":\"2013-03-07T08:45:41+00:00\",\"dateModified\":\"2021-02-28T16:23:24+00:00\",\"description\":\"Nem tudja eld\u00f6nteni, mit aj\u00e1nd\u00e9kozzon szeretteinek, ismer\u0151seinek? Tetsz\u00e9s szerinti kozmetikai vagy wellness kezel\u00e9seket tartalmaz\u00f3 aj\u00e1nd\u00e9kutalv\u00e1nyokat aj\u00e1nlunk.\",\"breadcrumb\":{\"@id\":\"https:\/\/www.studioella.sk\/hu\/ajandekutalvanyok\/#breadcrumb\"},\"inLanguage\":\"sk-SK\",\"potentialAction\":[{\"@type\":\"ReadAction\",\"target\":[\"https:\/\/www.studioella.sk\/hu\/ajandekutalvanyok\/\"]}]},{\"@type\":\"BreadcrumbList\",\"@id\":\"https:\/\/www.studioella.sk\/hu\/ajandekutalvanyok\/#breadcrumb\",\"itemListElement\":[{\"@type\":\"ListItem\",\"position\":1,\"name\":\"F\u0151oldal\",\"item\":\"https:\/\/www.studioella.sk\/hu\/\"},{\"@type\":\"ListItem\",\"position\":2,\"name\":\"Aj\u00e1nd\u00e9kutalv\u00e1nyok\"}]},{\"@type\":\"WebSite\",\"@id\":\"https:\/\/www.studioella.sk\/hu\/#website\",\"url\":\"https:\/\/www.studioella.sk\/hu\/\",\"name\":\"Ella St\u00fadi\u00f3\",\"description\":\"\",\"potentialAction\":[{\"@type\":\"SearchAction\",\"target\":{\"@type\":\"EntryPoint\",\"urlTemplate\":\"https:\/\/www.studioella.sk\/hu\/?s={search_term_string}\"},\"query-input\":\"required name=search_term_string\"}],\"inLanguage\":\"sk-SK\"}]}<\/script>\n<!-- \/ Yoast SEO plugin. -->","yoast_head_json":{"title":"Aj\u00e1nd\u00e9kutalv\u00e1nyok - Ella St\u00fadi\u00f3","description":"Nem tudja eld\u00f6nteni, mit aj\u00e1nd\u00e9kozzon szeretteinek, ismer\u0151seinek? Tetsz\u00e9s szerinti kozmetikai vagy wellness kezel\u00e9seket tartalmaz\u00f3 aj\u00e1nd\u00e9kutalv\u00e1nyokat aj\u00e1nlunk.","robots":{"index":"index","follow":"follow","max-snippet":"max-snippet:-1","max-image-preview":"max-image-preview:large","max-video-preview":"max-video-preview:-1"},"canonical":"https:\/\/www.studioella.sk\/hu\/ajandekutalvanyok\/","og_locale":"sk_SK","og_type":"article","og_title":"Aj\u00e1nd\u00e9kutalv\u00e1nyok - Ella St\u00fadi\u00f3","og_description":"Nem tudja eld\u00f6nteni, mit aj\u00e1nd\u00e9kozzon szeretteinek, ismer\u0151seinek? Tetsz\u00e9s szerinti kozmetikai vagy wellness kezel\u00e9seket tartalmaz\u00f3 aj\u00e1nd\u00e9kutalv\u00e1nyokat aj\u00e1nlunk.","og_url":"https:\/\/www.studioella.sk\/hu\/ajandekutalvanyok\/","og_site_name":"Ella St\u00fadi\u00f3","article_modified_time":"2021-02-28T16:23:24+00:00","schema":{"@context":"https:\/\/schema.org","@graph":[{"@type":"WebPage","@id":"https:\/\/www.studioella.sk\/hu\/ajandekutalvanyok\/","url":"https:\/\/www.studioella.sk\/hu\/ajandekutalvanyok\/","name":"Aj\u00e1nd\u00e9kutalv\u00e1nyok - Ella St\u00fadi\u00f3","isPartOf":{"@id":"https:\/\/www.studioella.sk\/hu\/#website"},"datePublished":"2013-03-07T08:45:41+00:00","dateModified":"2021-02-28T16:23:24+00:00","description":"Nem tudja eld\u00f6nteni, mit aj\u00e1nd\u00e9kozzon szeretteinek, ismer\u0151seinek? Tetsz\u00e9s szerinti kozmetikai vagy wellness kezel\u00e9seket tartalmaz\u00f3 aj\u00e1nd\u00e9kutalv\u00e1nyokat aj\u00e1nlunk.","breadcrumb":{"@id":"https:\/\/www.studioella.sk\/hu\/ajandekutalvanyok\/#breadcrumb"},"inLanguage":"sk-SK","potentialAction":[{"@type":"ReadAction","target":["https:\/\/www.studioella.sk\/hu\/ajandekutalvanyok\/"]}]},{"@type":"BreadcrumbList","@id":"https:\/\/www.studioella.sk\/hu\/ajandekutalvanyok\/#breadcrumb","itemListElement":[{"@type":"ListItem","position":1,"name":"F\u0151oldal","item":"https:\/\/www.studioella.sk\/hu\/"},{"@type":"ListItem","position":2,"name":"Aj\u00e1nd\u00e9kutalv\u00e1nyok"}]},{"@type":"WebSite","@id":"https:\/\/www.studioella.sk\/hu\/#website","url":"https:\/\/www.studioella.sk\/hu\/","name":"Ella St\u00fadi\u00f3","description":"","potentialAction":[{"@type":"SearchAction","target":{"@type":"EntryPoint","urlTemplate":"https:\/\/www.studioella.sk\/hu\/?s={search_term_string}"},"query-input":"required name=search_term_string"}],"inLanguage":"sk-SK"}]}},"_links":{"self":[{"href":"https:\/\/www.studioella.sk\/hu\/wp-json\/wp\/v2\/pages\/14"}],"collection":[{"href":"https:\/\/www.studioella.sk\/hu\/wp-json\/wp\/v2\/pages"}],"about":[{"href":"https:\/\/www.studioella.sk\/hu\/wp-json\/wp\/v2\/types\/page"}],"author":[{"embeddable":true,"href":"https:\/\/www.studioella.sk\/hu\/wp-json\/wp\/v2\/users\/1"}],"replies":[{"embeddable":true,"href":"https:\/\/www.studioella.sk\/hu\/wp-json\/wp\/v2\/comments?post=14"}],"version-history":[{"count":4,"href":"https:\/\/www.studioella.sk\/hu\/wp-json\/wp\/v2\/pages\/14\/revisions"}],"predecessor-version":[{"id":179,"href":"https:\/\/www.studioella.sk\/hu\/wp-json\/wp\/v2\/pages\/14\/revisions\/179"}],"wp:attachment":[{"href":"https:\/\/www.studioella.sk\/hu\/wp-json\/wp\/v2\/media?parent=14"}],"curies":[{"name":"wp","href":"https:\/\/api.w.org\/{rel}","templated":true}]}}