{"id":20,"date":"2013-03-07T10:52:10","date_gmt":"2013-03-07T08:52:10","guid":{"rendered":"http:\/\/www.studioella.sk\/hu\/?page_id=20"},"modified":"2017-07-28T10:30:53","modified_gmt":"2017-07-28T08:30:53","slug":"kozmetikai-eszkoztarunk","status":"publish","type":"page","link":"https:\/\/www.studioella.sk\/hu\/kozmetikai-eszkoztarunk\/","title":{"rendered":"Kozmetikai eszk\u00f6zt\u00e1runk"},"content":{"rendered":"<p><div id=\"attachment_211\" style=\"width: 310px\" class=\"wp-caption alignleft\"><a href=\"https:\/\/www.studioella.sk\/wp-content\/uploads\/2013\/03\/pristroj_biostimulacny_laser_lasocare.jpg\"><img loading=\"lazy\" decoding=\"async\" aria-describedby=\"caption-attachment-211\" class=\"size-full wp-image-211 \" title=\"LASOCARE \u2013 biostimul\u00e1ci\u00f3s l\u00e9zer\" src=\"\/\/www.studioella.sk\/wp-content\/uploads\/2013\/03\/pristroj_biostimulacny_laser_lasocare.jpg\" alt=\"LASOCARE \u2013 biostimul\u00e1ci\u00f3s l\u00e9zer\" height=\"225\" width=\"300\"><\/a><p id=\"caption-attachment-211\" class=\"wp-caption-text\">LASOCARE \u2013 biostimul\u00e1ci\u00f3s l\u00e9zer<\/p><\/div><\/p>\n<p><div id=\"attachment_212\" style=\"width: 235px\" class=\"wp-caption alignleft\"><a href=\"https:\/\/www.studioella.sk\/wp-content\/uploads\/2013\/03\/pristroj_ipl_laser.jpg\"><img loading=\"lazy\" decoding=\"async\" aria-describedby=\"caption-attachment-212\" class=\"size-full wp-image-212 \" title=\"IPL laser\" src=\"\/\/www.studioella.sk\/wp-content\/uploads\/2013\/03\/pristroj_ipl_laser.jpg\" alt=\"IPL laser\" height=\"300\" width=\"225\"><\/a><p id=\"caption-attachment-212\" class=\"wp-caption-text\">IPL laser<\/p><\/div><\/p>\n<p><div id=\"attachment_213\" style=\"width: 310px\" class=\"wp-caption alignleft\"><a href=\"https:\/\/www.studioella.sk\/wp-content\/uploads\/2013\/03\/pristroj_kavitacia_sei.jpg\"><img loading=\"lazy\" decoding=\"async\" aria-describedby=\"caption-attachment-213\" class=\"size-full wp-image-213 \" title=\"SEI-kavit\u00e1ci\u00f3\" src=\"\/\/www.studioella.sk\/wp-content\/uploads\/2013\/03\/pristroj_kavitacia_sei.jpg\" alt=\"SEI-kavit\u00e1ci\u00f3\" height=\"225\" width=\"300\"><\/a><p id=\"caption-attachment-213\" class=\"wp-caption-text\">SEI-kavit\u00e1ci\u00f3<\/p><\/div><\/p>\n<p><div id=\"attachment_214\" style=\"width: 310px\" class=\"wp-caption alignleft\"><a href=\"https:\/\/www.studioella.sk\/wp-content\/uploads\/2013\/03\/pristroj_lymfodrenaz.jpg\"><img loading=\"lazy\" decoding=\"async\" aria-describedby=\"caption-attachment-214\" class=\"size-full wp-image-214 \" title=\"Limfodren\u00e1zs k\u00e9sz\u00fcl\u00e9k\" src=\"\/\/www.studioella.sk\/wp-content\/uploads\/2013\/03\/pristroj_lymfodrenaz.jpg\" alt=\"Limfodren\u00e1zs k\u00e9sz\u00fcl\u00e9k\" height=\"225\" width=\"300\"><\/a><p id=\"caption-attachment-214\" class=\"wp-caption-text\">Limfodren\u00e1zs k\u00e9sz\u00fcl\u00e9k<\/p><\/div><\/p>\n<p><div id=\"attachment_216\" style=\"width: 310px\" class=\"wp-caption alignleft\"><a href=\"https:\/\/www.studioella.sk\/wp-content\/uploads\/2013\/03\/pristroj_neinvazivna_mezoterapia1.jpg\"><img loading=\"lazy\" decoding=\"async\" aria-describedby=\"caption-attachment-216\" class=\"size-full wp-image-216 \" title=\"Nem invaz\u00edv mezoter\u00e1pi\u00e1s k\u00e9sz\u00fcl\u00e9k.\" src=\"\/\/www.studioella.sk\/wp-content\/uploads\/2013\/03\/pristroj_neinvazivna_mezoterapia1.jpg\" alt=\"Nem invaz\u00edv mezoter\u00e1pi\u00e1s k\u00e9sz\u00fcl\u00e9k.\" height=\"225\" width=\"300\"><\/a><p id=\"caption-attachment-216\" class=\"wp-caption-text\">Nem invaz\u00edv mezoter\u00e1pi\u00e1s k\u00e9sz\u00fcl\u00e9k.<\/p><\/div><\/p>\n<p><div id=\"attachment_217\" style=\"width: 235px\" class=\"wp-caption alignleft\"><a href=\"https:\/\/www.studioella.sk\/wp-content\/uploads\/2013\/03\/pristroj_oxygenova_mezoterapia.jpg\"><img loading=\"lazy\" decoding=\"async\" aria-describedby=\"caption-attachment-217\" class=\"size-full wp-image-217 \" title=\"Oxig\u00e9nes mezoter\u00e1pi\u00e1s k\u00e9sz\u00fcl\u00e9k.\" src=\"\/\/www.studioella.sk\/wp-content\/uploads\/2013\/03\/pristroj_oxygenova_mezoterapia.jpg\" alt=\"Oxig\u00e9nes mezoter\u00e1pi\u00e1s k\u00e9sz\u00fcl\u00e9k.\" height=\"300\" width=\"225\"><\/a><p id=\"caption-attachment-217\" class=\"wp-caption-text\">Oxig\u00e9nes mezoter\u00e1pi\u00e1s k\u00e9sz\u00fcl\u00e9k.<\/p><\/div><\/p>\n<p><div id=\"attachment_218\" style=\"width: 310px\" class=\"wp-caption alignleft\"><a href=\"https:\/\/www.studioella.sk\/wp-content\/uploads\/2013\/03\/pristroj_vacuflex_200.jpg\"><img loading=\"lazy\" decoding=\"async\" aria-describedby=\"caption-attachment-218\" class=\"size-full wp-image-218 \" title=\"Vacuflex 200\" src=\"\/\/www.studioella.sk\/wp-content\/uploads\/2013\/03\/pristroj_vacuflex_200.jpg\" alt=\"Vacuflex 200\" height=\"225\" width=\"300\"><\/a><p id=\"caption-attachment-218\" class=\"wp-caption-text\">Vacuflex 200<\/p><\/div><\/p>\n<p><div id=\"attachment_209\" style=\"width: 235px\" class=\"wp-caption alignleft\"><a href=\"https:\/\/www.studioella.sk\/wp-content\/uploads\/2013\/03\/pristroj_mikrodermabrazia.jpg\"><img loading=\"lazy\" decoding=\"async\" aria-describedby=\"caption-attachment-209\" class=\"size-full wp-image-209 \" title=\"Mikrodermabr\u00e1zi\u00f3s g\u00e9pecske.\" src=\"\/\/www.studioella.sk\/wp-content\/uploads\/2013\/03\/pristroj_mikrodermabrazia.jpg\" alt=\"Mikrodermabr\u00e1zi\u00f3s g\u00e9pecske.\" height=\"300\" width=\"225\"><\/a><p id=\"caption-attachment-209\" class=\"wp-caption-text\">Mikrodermabr\u00e1zi\u00f3s g\u00e9pecske.<\/p><\/div><\/p>\n","protected":false},"excerpt":{"rendered":"","protected":false},"author":1,"featured_media":0,"parent":0,"menu_order":0,"comment_status":"closed","ping_status":"open","template":"","meta":{"ngg_post_thumbnail":0,"footnotes":""},"yoast_head":"<!-- This site is optimized with the Yoast SEO plugin v22.2 - https:\/\/yoast.com\/wordpress\/plugins\/seo\/ -->\n<title>Kozmetikai eszk\u00f6zt\u00e1runk - Ella St\u00fadi\u00f3<\/title>\n<meta name=\"description\" content=\"Kozmetikai eszk\u00f6zt\u00e1runk az Ella Gy\u00f3gykozmetikai St\u00fadi\u00f3ban.\" \/>\n<meta name=\"robots\" content=\"index, follow, max-snippet:-1, max-image-preview:large, max-video-preview:-1\" \/>\n<link rel=\"canonical\" href=\"https:\/\/www.studioella.sk\/hu\/kozmetikai-eszkoztarunk\/\" \/>\n<meta property=\"og:locale\" content=\"sk_SK\" \/>\n<meta property=\"og:type\" content=\"article\" \/>\n<meta property=\"og:title\" content=\"Kozmetikai eszk\u00f6zt\u00e1runk - Ella St\u00fadi\u00f3\" \/>\n<meta property=\"og:description\" content=\"Kozmetikai eszk\u00f6zt\u00e1runk az Ella Gy\u00f3gykozmetikai St\u00fadi\u00f3ban.\" \/>\n<meta property=\"og:url\" content=\"https:\/\/www.studioella.sk\/hu\/kozmetikai-eszkoztarunk\/\" \/>\n<meta property=\"og:site_name\" content=\"Ella St\u00fadi\u00f3\" \/>\n<meta property=\"article:modified_time\" content=\"2017-07-28T08:30:53+00:00\" \/>\n<script type=\"application\/ld+json\" class=\"yoast-schema-graph\">{\"@context\":\"https:\/\/schema.org\",\"@graph\":[{\"@type\":\"WebPage\",\"@id\":\"https:\/\/www.studioella.sk\/hu\/kozmetikai-eszkoztarunk\/\",\"url\":\"https:\/\/www.studioella.sk\/hu\/kozmetikai-eszkoztarunk\/\",\"name\":\"Kozmetikai eszk\u00f6zt\u00e1runk - Ella St\u00fadi\u00f3\",\"isPartOf\":{\"@id\":\"https:\/\/www.studioella.sk\/hu\/#website\"},\"datePublished\":\"2013-03-07T08:52:10+00:00\",\"dateModified\":\"2017-07-28T08:30:53+00:00\",\"description\":\"Kozmetikai eszk\u00f6zt\u00e1runk az Ella Gy\u00f3gykozmetikai St\u00fadi\u00f3ban.\",\"breadcrumb\":{\"@id\":\"https:\/\/www.studioella.sk\/hu\/kozmetikai-eszkoztarunk\/#breadcrumb\"},\"inLanguage\":\"sk-SK\",\"potentialAction\":[{\"@type\":\"ReadAction\",\"target\":[\"https:\/\/www.studioella.sk\/hu\/kozmetikai-eszkoztarunk\/\"]}]},{\"@type\":\"BreadcrumbList\",\"@id\":\"https:\/\/www.studioella.sk\/hu\/kozmetikai-eszkoztarunk\/#breadcrumb\",\"itemListElement\":[{\"@type\":\"ListItem\",\"position\":1,\"name\":\"F\u0151oldal\",\"item\":\"https:\/\/www.studioella.sk\/hu\/\"},{\"@type\":\"ListItem\",\"position\":2,\"name\":\"Kozmetikai eszk\u00f6zt\u00e1runk\"}]},{\"@type\":\"WebSite\",\"@id\":\"https:\/\/www.studioella.sk\/hu\/#website\",\"url\":\"https:\/\/www.studioella.sk\/hu\/\",\"name\":\"Ella St\u00fadi\u00f3\",\"description\":\"\",\"potentialAction\":[{\"@type\":\"SearchAction\",\"target\":{\"@type\":\"EntryPoint\",\"urlTemplate\":\"https:\/\/www.studioella.sk\/hu\/?s={search_term_string}\"},\"query-input\":\"required name=search_term_string\"}],\"inLanguage\":\"sk-SK\"}]}<\/script>\n<!-- \/ Yoast SEO plugin. -->","yoast_head_json":{"title":"Kozmetikai eszk\u00f6zt\u00e1runk - Ella St\u00fadi\u00f3","description":"Kozmetikai eszk\u00f6zt\u00e1runk az Ella Gy\u00f3gykozmetikai St\u00fadi\u00f3ban.","robots":{"index":"index","follow":"follow","max-snippet":"max-snippet:-1","max-image-preview":"max-image-preview:large","max-video-preview":"max-video-preview:-1"},"canonical":"https:\/\/www.studioella.sk\/hu\/kozmetikai-eszkoztarunk\/","og_locale":"sk_SK","og_type":"article","og_title":"Kozmetikai eszk\u00f6zt\u00e1runk - Ella St\u00fadi\u00f3","og_description":"Kozmetikai eszk\u00f6zt\u00e1runk az Ella Gy\u00f3gykozmetikai St\u00fadi\u00f3ban.","og_url":"https:\/\/www.studioella.sk\/hu\/kozmetikai-eszkoztarunk\/","og_site_name":"Ella St\u00fadi\u00f3","article_modified_time":"2017-07-28T08:30:53+00:00","schema":{"@context":"https:\/\/schema.org","@graph":[{"@type":"WebPage","@id":"https:\/\/www.studioella.sk\/hu\/kozmetikai-eszkoztarunk\/","url":"https:\/\/www.studioella.sk\/hu\/kozmetikai-eszkoztarunk\/","name":"Kozmetikai eszk\u00f6zt\u00e1runk - Ella St\u00fadi\u00f3","isPartOf":{"@id":"https:\/\/www.studioella.sk\/hu\/#website"},"datePublished":"2013-03-07T08:52:10+00:00","dateModified":"2017-07-28T08:30:53+00:00","description":"Kozmetikai eszk\u00f6zt\u00e1runk az Ella Gy\u00f3gykozmetikai St\u00fadi\u00f3ban.","breadcrumb":{"@id":"https:\/\/www.studioella.sk\/hu\/kozmetikai-eszkoztarunk\/#breadcrumb"},"inLanguage":"sk-SK","potentialAction":[{"@type":"ReadAction","target":["https:\/\/www.studioella.sk\/hu\/kozmetikai-eszkoztarunk\/"]}]},{"@type":"BreadcrumbList","@id":"https:\/\/www.studioella.sk\/hu\/kozmetikai-eszkoztarunk\/#breadcrumb","itemListElement":[{"@type":"ListItem","position":1,"name":"F\u0151oldal","item":"https:\/\/www.studioella.sk\/hu\/"},{"@type":"ListItem","position":2,"name":"Kozmetikai eszk\u00f6zt\u00e1runk"}]},{"@type":"WebSite","@id":"https:\/\/www.studioella.sk\/hu\/#website","url":"https:\/\/www.studioella.sk\/hu\/","name":"Ella St\u00fadi\u00f3","description":"","potentialAction":[{"@type":"SearchAction","target":{"@type":"EntryPoint","urlTemplate":"https:\/\/www.studioella.sk\/hu\/?s={search_term_string}"},"query-input":"required name=search_term_string"}],"inLanguage":"sk-SK"}]}},"_links":{"self":[{"href":"https:\/\/www.studioella.sk\/hu\/wp-json\/wp\/v2\/pages\/20"}],"collection":[{"href":"https:\/\/www.studioella.sk\/hu\/wp-json\/wp\/v2\/pages"}],"about":[{"href":"https:\/\/www.studioella.sk\/hu\/wp-json\/wp\/v2\/types\/page"}],"author":[{"embeddable":true,"href":"https:\/\/www.studioella.sk\/hu\/wp-json\/wp\/v2\/users\/1"}],"replies":[{"embeddable":true,"href":"https:\/\/www.studioella.sk\/hu\/wp-json\/wp\/v2\/comments?post=20"}],"version-history":[{"count":12,"href":"https:\/\/www.studioella.sk\/hu\/wp-json\/wp\/v2\/pages\/20\/revisions"}],"predecessor-version":[{"id":311,"href":"https:\/\/www.studioella.sk\/hu\/wp-json\/wp\/v2\/pages\/20\/revisions\/311"}],"wp:attachment":[{"href":"https:\/\/www.studioella.sk\/hu\/wp-json\/wp\/v2\/media?parent=20"}],"curies":[{"name":"wp","href":"https:\/\/api.w.org\/{rel}","templated":true}]}}