{"id":35,"date":"2013-03-07T11:37:04","date_gmt":"2013-03-07T09:37:04","guid":{"rendered":"http:\/\/www.studioella.sk\/hu\/?page_id=35"},"modified":"2017-05-27T12:23:51","modified_gmt":"2017-05-27T10:23:51","slug":"mezobotox","status":"publish","type":"page","link":"https:\/\/www.studioella.sk\/hu\/mezobotox\/","title":{"rendered":"Mezobotox"},"content":{"rendered":"<p>A mezobotox egy innovat\u00edv \u00e9s rendk\u00edv\u00fcl k\u00f6zkedvelt nem-invaz\u00edv kezel\u00e9s, amely injekci\u00f3s t\u0171 \u00e9s f\u00e1jdalom n\u00e9lk\u00fcl hidrat\u00e1lja, feszes\u00edti \u00e9s fiatal\u00edtja az arcb\u0151rt. A kezel\u00e9s rendk\u00edv\u00fcl k\u00edm\u00e9letes \u00e9s biztons\u00e1gos.<\/p>\n<p>A botoxhoz hasonl\u00f3 hat\u00f3anyagokat haszn\u00e1lunk, amelyek azonban abszol\u00fat mentesek mindenf\u00e9le k\u00e1ros mell\u00e9khat\u00e1sokt\u00f3l. Ezeket a hat\u00f3anyagokat \u2013 bioakt\u00edv sz\u00e9rumokat \u2013 elektropor\u00e1ci\u00f3val, azaz egy mezoter\u00e1pi\u00e1s eszk\u00f6zzel juttatjuk a b\u0151rbe, a kezel\u00e9st a vend\u00e9g kellemes massz\u00e1sk\u00e9nt \u00e9rz\u00e9keli.<\/p>\n<h2>A kezel\u00e9s menete<\/h2>\n<p>A kezel\u00e9s 45-50 percig tart. Els\u0151 l\u00e9p\u00e9sben gy\u00fcm\u00f6lcssavas peelinget alkalmazunk, hogy megk\u00f6nny\u00edts\u00fck a mezoter\u00e1pi\u00e1s kezel\u00e9s alatt az akt\u00edv hat\u00f3anyagok b\u0151rbe jut\u00e1s\u00e1t. M\u00e1r az els\u0151 kezel\u00e9s ut\u00e1n l\u00e1that\u00f3 az eredm\u00e9ny, de a hat\u00e9konyabb eredm\u00e9ny el\u00e9r\u00e9s\u00e9hez aj\u00e1nlatos 4-6-szori ism\u00e9tl\u00e9s. Az egyes kezel\u00e9sek k\u00f6zt c\u00e9lszer\u0171 7-10 nap sz\u00fcnetet tartani.<\/p>\n<h2>Kinek aj\u00e1nlatos a mezobotox kezel\u00e9s?<\/h2>\n<p>Minden b\u0151rt\u00edpusra biztons\u00e1ggal alkalmazhat\u00f3. Csak azok sz\u00e1m\u00e1ra nem tan\u00e1csos, akik valamilyen b\u0151rbetegs\u00e9gekben szenved\u0151knek, vagy t\u00falzottan \u00e9rz\u00e9keny a b\u0151r\u00fck.<\/p>\n<p><a class=\"button small green\" href=\"https:\/\/www.studioella.sk\/hu\/kezelesek\/\">Vissza a Kezel\u00e9sekhez<\/a><\/p>\n","protected":false},"excerpt":{"rendered":"<p>A mezobotox egy innovat\u00edv \u00e9s rendk\u00edv\u00fcl k\u00f6zkedvelt nem-invaz\u00edv kezel\u00e9s, amely injekci\u00f3s t\u0171 \u00e9s f\u00e1jdalom n\u00e9lk\u00fcl hidrat\u00e1lja, feszes\u00edti \u00e9s fiatal\u00edtja az arcb\u0151rt. A kezel\u00e9s rendk\u00edv\u00fcl k\u00edm\u00e9letes \u00e9s biztons\u00e1gos. A botoxhoz hasonl\u00f3 hat\u00f3anyagokat haszn\u00e1lunk, amelyek azonban abszol\u00fat mentesek mindenf\u00e9le k\u00e1ros mell\u00e9khat\u00e1sokt\u00f3l. Ezeket &hellip; <a href=\"https:\/\/www.studioella.sk\/hu\/mezobotox\/\">Continue reading <span class=\"meta-nav\">&rarr;<\/span><\/a><\/p>\n","protected":false},"author":1,"featured_media":0,"parent":0,"menu_order":0,"comment_status":"closed","ping_status":"open","template":"","meta":{"ngg_post_thumbnail":0,"footnotes":""},"yoast_head":"<!-- This site is optimized with the Yoast SEO plugin v22.2 - https:\/\/yoast.com\/wordpress\/plugins\/seo\/ -->\n<title>Mezobotox - Ella St\u00fadi\u00f3<\/title>\n<meta name=\"description\" content=\"A mezobotox egy innovat\u00edv \u00e9s rendk\u00edv\u00fcl k\u00f6zkedvelt nem-invaz\u00edv kezel\u00e9s, amely injekci\u00f3s t\u0171 \u00e9s f\u00e1jdalom n\u00e9lk\u00fcl hidrat\u00e1lja, feszes\u00edti \u00e9s fiatal\u00edtja az arcb\u0151rt.\" \/>\n<meta name=\"robots\" content=\"index, follow, max-snippet:-1, max-image-preview:large, max-video-preview:-1\" \/>\n<link rel=\"canonical\" href=\"https:\/\/www.studioella.sk\/hu\/mezobotox\/\" \/>\n<meta property=\"og:locale\" content=\"sk_SK\" \/>\n<meta property=\"og:type\" content=\"article\" \/>\n<meta property=\"og:title\" content=\"Mezobotox - Ella St\u00fadi\u00f3\" \/>\n<meta property=\"og:description\" content=\"A mezobotox egy innovat\u00edv \u00e9s rendk\u00edv\u00fcl k\u00f6zkedvelt nem-invaz\u00edv kezel\u00e9s, amely injekci\u00f3s t\u0171 \u00e9s f\u00e1jdalom n\u00e9lk\u00fcl hidrat\u00e1lja, feszes\u00edti \u00e9s fiatal\u00edtja az arcb\u0151rt.\" \/>\n<meta property=\"og:url\" content=\"https:\/\/www.studioella.sk\/hu\/mezobotox\/\" \/>\n<meta property=\"og:site_name\" content=\"Ella St\u00fadi\u00f3\" \/>\n<meta property=\"article:modified_time\" content=\"2017-05-27T10:23:51+00:00\" \/>\n<meta name=\"twitter:label1\" content=\"Predpokladan\u00fd \u010das \u010d\u00edtania\" \/>\n\t<meta name=\"twitter:data1\" content=\"1 min\u00fata\" \/>\n<script type=\"application\/ld+json\" class=\"yoast-schema-graph\">{\"@context\":\"https:\/\/schema.org\",\"@graph\":[{\"@type\":\"WebPage\",\"@id\":\"https:\/\/www.studioella.sk\/hu\/mezobotox\/\",\"url\":\"https:\/\/www.studioella.sk\/hu\/mezobotox\/\",\"name\":\"Mezobotox - Ella St\u00fadi\u00f3\",\"isPartOf\":{\"@id\":\"https:\/\/www.studioella.sk\/hu\/#website\"},\"datePublished\":\"2013-03-07T09:37:04+00:00\",\"dateModified\":\"2017-05-27T10:23:51+00:00\",\"description\":\"A mezobotox egy innovat\u00edv \u00e9s rendk\u00edv\u00fcl k\u00f6zkedvelt nem-invaz\u00edv kezel\u00e9s, amely injekci\u00f3s t\u0171 \u00e9s f\u00e1jdalom n\u00e9lk\u00fcl hidrat\u00e1lja, feszes\u00edti \u00e9s fiatal\u00edtja az arcb\u0151rt.\",\"breadcrumb\":{\"@id\":\"https:\/\/www.studioella.sk\/hu\/mezobotox\/#breadcrumb\"},\"inLanguage\":\"sk-SK\",\"potentialAction\":[{\"@type\":\"ReadAction\",\"target\":[\"https:\/\/www.studioella.sk\/hu\/mezobotox\/\"]}]},{\"@type\":\"BreadcrumbList\",\"@id\":\"https:\/\/www.studioella.sk\/hu\/mezobotox\/#breadcrumb\",\"itemListElement\":[{\"@type\":\"ListItem\",\"position\":1,\"name\":\"F\u0151oldal\",\"item\":\"https:\/\/www.studioella.sk\/hu\/\"},{\"@type\":\"ListItem\",\"position\":2,\"name\":\"Mezobotox\"}]},{\"@type\":\"WebSite\",\"@id\":\"https:\/\/www.studioella.sk\/hu\/#website\",\"url\":\"https:\/\/www.studioella.sk\/hu\/\",\"name\":\"Ella St\u00fadi\u00f3\",\"description\":\"\",\"potentialAction\":[{\"@type\":\"SearchAction\",\"target\":{\"@type\":\"EntryPoint\",\"urlTemplate\":\"https:\/\/www.studioella.sk\/hu\/?s={search_term_string}\"},\"query-input\":\"required name=search_term_string\"}],\"inLanguage\":\"sk-SK\"}]}<\/script>\n<!-- \/ Yoast SEO plugin. -->","yoast_head_json":{"title":"Mezobotox - Ella St\u00fadi\u00f3","description":"A mezobotox egy innovat\u00edv \u00e9s rendk\u00edv\u00fcl k\u00f6zkedvelt nem-invaz\u00edv kezel\u00e9s, amely injekci\u00f3s t\u0171 \u00e9s f\u00e1jdalom n\u00e9lk\u00fcl hidrat\u00e1lja, feszes\u00edti \u00e9s fiatal\u00edtja az arcb\u0151rt.","robots":{"index":"index","follow":"follow","max-snippet":"max-snippet:-1","max-image-preview":"max-image-preview:large","max-video-preview":"max-video-preview:-1"},"canonical":"https:\/\/www.studioella.sk\/hu\/mezobotox\/","og_locale":"sk_SK","og_type":"article","og_title":"Mezobotox - Ella St\u00fadi\u00f3","og_description":"A mezobotox egy innovat\u00edv \u00e9s rendk\u00edv\u00fcl k\u00f6zkedvelt nem-invaz\u00edv kezel\u00e9s, amely injekci\u00f3s t\u0171 \u00e9s f\u00e1jdalom n\u00e9lk\u00fcl hidrat\u00e1lja, feszes\u00edti \u00e9s fiatal\u00edtja az arcb\u0151rt.","og_url":"https:\/\/www.studioella.sk\/hu\/mezobotox\/","og_site_name":"Ella St\u00fadi\u00f3","article_modified_time":"2017-05-27T10:23:51+00:00","twitter_misc":{"Predpokladan\u00fd \u010das \u010d\u00edtania":"1 min\u00fata"},"schema":{"@context":"https:\/\/schema.org","@graph":[{"@type":"WebPage","@id":"https:\/\/www.studioella.sk\/hu\/mezobotox\/","url":"https:\/\/www.studioella.sk\/hu\/mezobotox\/","name":"Mezobotox - Ella St\u00fadi\u00f3","isPartOf":{"@id":"https:\/\/www.studioella.sk\/hu\/#website"},"datePublished":"2013-03-07T09:37:04+00:00","dateModified":"2017-05-27T10:23:51+00:00","description":"A mezobotox egy innovat\u00edv \u00e9s rendk\u00edv\u00fcl k\u00f6zkedvelt nem-invaz\u00edv kezel\u00e9s, amely injekci\u00f3s t\u0171 \u00e9s f\u00e1jdalom n\u00e9lk\u00fcl hidrat\u00e1lja, feszes\u00edti \u00e9s fiatal\u00edtja az arcb\u0151rt.","breadcrumb":{"@id":"https:\/\/www.studioella.sk\/hu\/mezobotox\/#breadcrumb"},"inLanguage":"sk-SK","potentialAction":[{"@type":"ReadAction","target":["https:\/\/www.studioella.sk\/hu\/mezobotox\/"]}]},{"@type":"BreadcrumbList","@id":"https:\/\/www.studioella.sk\/hu\/mezobotox\/#breadcrumb","itemListElement":[{"@type":"ListItem","position":1,"name":"F\u0151oldal","item":"https:\/\/www.studioella.sk\/hu\/"},{"@type":"ListItem","position":2,"name":"Mezobotox"}]},{"@type":"WebSite","@id":"https:\/\/www.studioella.sk\/hu\/#website","url":"https:\/\/www.studioella.sk\/hu\/","name":"Ella St\u00fadi\u00f3","description":"","potentialAction":[{"@type":"SearchAction","target":{"@type":"EntryPoint","urlTemplate":"https:\/\/www.studioella.sk\/hu\/?s={search_term_string}"},"query-input":"required name=search_term_string"}],"inLanguage":"sk-SK"}]}},"_links":{"self":[{"href":"https:\/\/www.studioella.sk\/hu\/wp-json\/wp\/v2\/pages\/35"}],"collection":[{"href":"https:\/\/www.studioella.sk\/hu\/wp-json\/wp\/v2\/pages"}],"about":[{"href":"https:\/\/www.studioella.sk\/hu\/wp-json\/wp\/v2\/types\/page"}],"author":[{"embeddable":true,"href":"https:\/\/www.studioella.sk\/hu\/wp-json\/wp\/v2\/users\/1"}],"replies":[{"embeddable":true,"href":"https:\/\/www.studioella.sk\/hu\/wp-json\/wp\/v2\/comments?post=35"}],"version-history":[{"count":8,"href":"https:\/\/www.studioella.sk\/hu\/wp-json\/wp\/v2\/pages\/35\/revisions"}],"predecessor-version":[{"id":302,"href":"https:\/\/www.studioella.sk\/hu\/wp-json\/wp\/v2\/pages\/35\/revisions\/302"}],"wp:attachment":[{"href":"https:\/\/www.studioella.sk\/hu\/wp-json\/wp\/v2\/media?parent=35"}],"curies":[{"name":"wp","href":"https:\/\/api.w.org\/{rel}","templated":true}]}}