{"id":43,"date":"2013-03-08T11:58:07","date_gmt":"2013-03-08T09:58:07","guid":{"rendered":"http:\/\/www.studioella.sk\/hu\/?page_id=43"},"modified":"2017-05-27T12:22:24","modified_gmt":"2017-05-27T10:22:24","slug":"dermorolleres-mezoterapia","status":"publish","type":"page","link":"https:\/\/www.studioella.sk\/hu\/dermorolleres-mezoterapia\/","title":{"rendered":"Dermorolleres mezoter\u00e1pia"},"content":{"rendered":"<p>A m\u00f3dszer l\u00e9nyege, hogy a hat\u00f3anyagot egyenesen a b\u0151rre vissz\u00fck, majd rolleres g\u00f6rg\u0151vel a b\u0151r m\u00e9lyebb r\u00e9tegeibe dolgozzuk. A dermoroller-k\u00e9sz\u00fcl\u00e9k a b\u0151r szarur\u00e9teg\u00e9t \u00e9rinti, megk\u00f6nny\u00edti az akt\u00edv hat\u00f3anyagok felsz\u00edv\u00f3d\u00e1s\u00e1t, egyben speci\u00e1lis massz\u00e1zsk\u00e9nt is hat, amely aktiviz\u00e1lja a kollag\u00e9n \u00e9s az elasztin k\u00e9pz\u0151d\u00e9s\u00e9t.<\/p>\n<h2>A k\u00f6vetkez\u0151 akt\u00edv hat\u00f3anyagokat haszn\u00e1ljuk:<\/h2>\n<p>hiarulonsav, A- \u00e9s E-vitamin, Mezobotex-sz\u00e9rum, Mezocellutie, pigmentk\u00e9pz\u0151d\u00e9st akad\u00e1lyoz\u00f3 feh\u00e9r\u00edt\u0151 sz\u00e9rum<\/p>\n<p><strong>A kezel\u00e9sek aj\u00e1nlott sz\u00e1ma:<\/strong> 3-6<\/p>\n<h2>Eredm\u00e9ny:<\/h2>\n<p>A b\u0151r term\u00e9szetes sz\u00edn\u00e9nek visszanyer\u00e9se, az apr\u00f3 \u00e9s k\u00f6zepes m\u00e9lys\u00e9g\u0171 r\u00e1ncok elt\u0171n\u00e9se, a b\u0151r feszesed\u00e9se, hidrat\u00e1l\u00e1s, az akn\u00e9hegek finom\u00edt\u00e1sa, a cellulitisz okozta b\u0151rhib\u00e1k elt\u00fcntet\u00e9se, a hiperpigment\u00e1ci\u00f3 jeleinek m\u00e9rs\u00e9kl\u00e9se<\/p>\n<p><a class=\"button small green\" href=\"https:\/\/www.studioella.sk\/hu\/kezelesek\/\">Vissza a Kezel\u00e9sekhez<\/a><\/p>\n","protected":false},"excerpt":{"rendered":"<p>A m\u00f3dszer l\u00e9nyege, hogy a hat\u00f3anyagot egyenesen a b\u0151rre vissz\u00fck, majd rolleres g\u00f6rg\u0151vel a b\u0151r m\u00e9lyebb r\u00e9tegeibe dolgozzuk. A dermoroller-k\u00e9sz\u00fcl\u00e9k a b\u0151r szarur\u00e9teg\u00e9t \u00e9rinti, megk\u00f6nny\u00edti az akt\u00edv hat\u00f3anyagok felsz\u00edv\u00f3d\u00e1s\u00e1t, egyben speci\u00e1lis massz\u00e1zsk\u00e9nt is hat, amely aktiviz\u00e1lja a kollag\u00e9n \u00e9s az &hellip; <a href=\"https:\/\/www.studioella.sk\/hu\/dermorolleres-mezoterapia\/\">Continue reading <span class=\"meta-nav\">&rarr;<\/span><\/a><\/p>\n","protected":false},"author":1,"featured_media":0,"parent":0,"menu_order":0,"comment_status":"closed","ping_status":"open","template":"","meta":{"ngg_post_thumbnail":0,"footnotes":""},"yoast_head":"<!-- This site is optimized with the Yoast SEO plugin v22.2 - https:\/\/yoast.com\/wordpress\/plugins\/seo\/ -->\n<title>Dermorolleres mezoter\u00e1pia - Ella St\u00fadi\u00f3<\/title>\n<meta name=\"description\" content=\"Dermorolleres mezoter\u00e1pia - a m\u00f3dszer l\u00e9nyege, hogy a hat\u00f3anyagot egyenesen a b\u0151rre vissz\u00fck, majd rolleres g\u00f6rg\u0151vel a b\u0151r m\u00e9lyebb r\u00e9tegeibe dolgozzuk.\" \/>\n<meta name=\"robots\" content=\"index, follow, max-snippet:-1, max-image-preview:large, max-video-preview:-1\" \/>\n<link rel=\"canonical\" href=\"https:\/\/www.studioella.sk\/hu\/dermorolleres-mezoterapia\/\" \/>\n<meta property=\"og:locale\" content=\"sk_SK\" \/>\n<meta property=\"og:type\" content=\"article\" \/>\n<meta property=\"og:title\" content=\"Dermorolleres mezoter\u00e1pia - Ella St\u00fadi\u00f3\" \/>\n<meta property=\"og:description\" content=\"Dermorolleres mezoter\u00e1pia - a m\u00f3dszer l\u00e9nyege, hogy a hat\u00f3anyagot egyenesen a b\u0151rre vissz\u00fck, majd rolleres g\u00f6rg\u0151vel a b\u0151r m\u00e9lyebb r\u00e9tegeibe dolgozzuk.\" \/>\n<meta property=\"og:url\" content=\"https:\/\/www.studioella.sk\/hu\/dermorolleres-mezoterapia\/\" \/>\n<meta property=\"og:site_name\" content=\"Ella St\u00fadi\u00f3\" \/>\n<meta property=\"article:modified_time\" content=\"2017-05-27T10:22:24+00:00\" \/>\n<meta name=\"twitter:label1\" content=\"Predpokladan\u00fd \u010das \u010d\u00edtania\" \/>\n\t<meta name=\"twitter:data1\" content=\"1 min\u00fata\" \/>\n<script type=\"application\/ld+json\" class=\"yoast-schema-graph\">{\"@context\":\"https:\/\/schema.org\",\"@graph\":[{\"@type\":\"WebPage\",\"@id\":\"https:\/\/www.studioella.sk\/hu\/dermorolleres-mezoterapia\/\",\"url\":\"https:\/\/www.studioella.sk\/hu\/dermorolleres-mezoterapia\/\",\"name\":\"Dermorolleres mezoter\u00e1pia - Ella St\u00fadi\u00f3\",\"isPartOf\":{\"@id\":\"https:\/\/www.studioella.sk\/hu\/#website\"},\"datePublished\":\"2013-03-08T09:58:07+00:00\",\"dateModified\":\"2017-05-27T10:22:24+00:00\",\"description\":\"Dermorolleres mezoter\u00e1pia - a m\u00f3dszer l\u00e9nyege, hogy a hat\u00f3anyagot egyenesen a b\u0151rre vissz\u00fck, majd rolleres g\u00f6rg\u0151vel a b\u0151r m\u00e9lyebb r\u00e9tegeibe dolgozzuk.\",\"breadcrumb\":{\"@id\":\"https:\/\/www.studioella.sk\/hu\/dermorolleres-mezoterapia\/#breadcrumb\"},\"inLanguage\":\"sk-SK\",\"potentialAction\":[{\"@type\":\"ReadAction\",\"target\":[\"https:\/\/www.studioella.sk\/hu\/dermorolleres-mezoterapia\/\"]}]},{\"@type\":\"BreadcrumbList\",\"@id\":\"https:\/\/www.studioella.sk\/hu\/dermorolleres-mezoterapia\/#breadcrumb\",\"itemListElement\":[{\"@type\":\"ListItem\",\"position\":1,\"name\":\"F\u0151oldal\",\"item\":\"https:\/\/www.studioella.sk\/hu\/\"},{\"@type\":\"ListItem\",\"position\":2,\"name\":\"Dermorolleres mezoter\u00e1pia\"}]},{\"@type\":\"WebSite\",\"@id\":\"https:\/\/www.studioella.sk\/hu\/#website\",\"url\":\"https:\/\/www.studioella.sk\/hu\/\",\"name\":\"Ella St\u00fadi\u00f3\",\"description\":\"\",\"potentialAction\":[{\"@type\":\"SearchAction\",\"target\":{\"@type\":\"EntryPoint\",\"urlTemplate\":\"https:\/\/www.studioella.sk\/hu\/?s={search_term_string}\"},\"query-input\":\"required name=search_term_string\"}],\"inLanguage\":\"sk-SK\"}]}<\/script>\n<!-- \/ Yoast SEO plugin. -->","yoast_head_json":{"title":"Dermorolleres mezoter\u00e1pia - Ella St\u00fadi\u00f3","description":"Dermorolleres mezoter\u00e1pia - a m\u00f3dszer l\u00e9nyege, hogy a hat\u00f3anyagot egyenesen a b\u0151rre vissz\u00fck, majd rolleres g\u00f6rg\u0151vel a b\u0151r m\u00e9lyebb r\u00e9tegeibe dolgozzuk.","robots":{"index":"index","follow":"follow","max-snippet":"max-snippet:-1","max-image-preview":"max-image-preview:large","max-video-preview":"max-video-preview:-1"},"canonical":"https:\/\/www.studioella.sk\/hu\/dermorolleres-mezoterapia\/","og_locale":"sk_SK","og_type":"article","og_title":"Dermorolleres mezoter\u00e1pia - Ella St\u00fadi\u00f3","og_description":"Dermorolleres mezoter\u00e1pia - a m\u00f3dszer l\u00e9nyege, hogy a hat\u00f3anyagot egyenesen a b\u0151rre vissz\u00fck, majd rolleres g\u00f6rg\u0151vel a b\u0151r m\u00e9lyebb r\u00e9tegeibe dolgozzuk.","og_url":"https:\/\/www.studioella.sk\/hu\/dermorolleres-mezoterapia\/","og_site_name":"Ella St\u00fadi\u00f3","article_modified_time":"2017-05-27T10:22:24+00:00","twitter_misc":{"Predpokladan\u00fd \u010das \u010d\u00edtania":"1 min\u00fata"},"schema":{"@context":"https:\/\/schema.org","@graph":[{"@type":"WebPage","@id":"https:\/\/www.studioella.sk\/hu\/dermorolleres-mezoterapia\/","url":"https:\/\/www.studioella.sk\/hu\/dermorolleres-mezoterapia\/","name":"Dermorolleres mezoter\u00e1pia - Ella St\u00fadi\u00f3","isPartOf":{"@id":"https:\/\/www.studioella.sk\/hu\/#website"},"datePublished":"2013-03-08T09:58:07+00:00","dateModified":"2017-05-27T10:22:24+00:00","description":"Dermorolleres mezoter\u00e1pia - a m\u00f3dszer l\u00e9nyege, hogy a hat\u00f3anyagot egyenesen a b\u0151rre vissz\u00fck, majd rolleres g\u00f6rg\u0151vel a b\u0151r m\u00e9lyebb r\u00e9tegeibe dolgozzuk.","breadcrumb":{"@id":"https:\/\/www.studioella.sk\/hu\/dermorolleres-mezoterapia\/#breadcrumb"},"inLanguage":"sk-SK","potentialAction":[{"@type":"ReadAction","target":["https:\/\/www.studioella.sk\/hu\/dermorolleres-mezoterapia\/"]}]},{"@type":"BreadcrumbList","@id":"https:\/\/www.studioella.sk\/hu\/dermorolleres-mezoterapia\/#breadcrumb","itemListElement":[{"@type":"ListItem","position":1,"name":"F\u0151oldal","item":"https:\/\/www.studioella.sk\/hu\/"},{"@type":"ListItem","position":2,"name":"Dermorolleres mezoter\u00e1pia"}]},{"@type":"WebSite","@id":"https:\/\/www.studioella.sk\/hu\/#website","url":"https:\/\/www.studioella.sk\/hu\/","name":"Ella St\u00fadi\u00f3","description":"","potentialAction":[{"@type":"SearchAction","target":{"@type":"EntryPoint","urlTemplate":"https:\/\/www.studioella.sk\/hu\/?s={search_term_string}"},"query-input":"required name=search_term_string"}],"inLanguage":"sk-SK"}]}},"_links":{"self":[{"href":"https:\/\/www.studioella.sk\/hu\/wp-json\/wp\/v2\/pages\/43"}],"collection":[{"href":"https:\/\/www.studioella.sk\/hu\/wp-json\/wp\/v2\/pages"}],"about":[{"href":"https:\/\/www.studioella.sk\/hu\/wp-json\/wp\/v2\/types\/page"}],"author":[{"embeddable":true,"href":"https:\/\/www.studioella.sk\/hu\/wp-json\/wp\/v2\/users\/1"}],"replies":[{"embeddable":true,"href":"https:\/\/www.studioella.sk\/hu\/wp-json\/wp\/v2\/comments?post=43"}],"version-history":[{"count":5,"href":"https:\/\/www.studioella.sk\/hu\/wp-json\/wp\/v2\/pages\/43\/revisions"}],"predecessor-version":[{"id":278,"href":"https:\/\/www.studioella.sk\/hu\/wp-json\/wp\/v2\/pages\/43\/revisions\/278"}],"wp:attachment":[{"href":"https:\/\/www.studioella.sk\/hu\/wp-json\/wp\/v2\/media?parent=43"}],"curies":[{"name":"wp","href":"https:\/\/api.w.org\/{rel}","templated":true}]}}