{"id":54,"date":"2013-03-08T13:47:36","date_gmt":"2013-03-08T11:47:36","guid":{"rendered":"http:\/\/www.studioella.sk\/hu\/?page_id=54"},"modified":"2017-05-27T12:25:17","modified_gmt":"2017-05-27T10:25:17","slug":"oxigenterapia-95-szazalekos-tisztasagu-biooxigen-belelegzese","status":"publish","type":"page","link":"https:\/\/www.studioella.sk\/hu\/oxigenterapia-95-szazalekos-tisztasagu-biooxigen-belelegzese\/","title":{"rendered":"Oxig\u00e9nter\u00e1pia &#8211; 95%-os tisztas\u00e1g\u00fa biooxig\u00e9n bel\u00e9legz\u00e9se"},"content":{"rendered":"<p>Az oxig\u00e9ninhal\u00e1l\u00e1s relax\u00e1ci\u00f3s kezel\u00e9s, a tiszta oxig\u00e9n bel\u00e9legz\u00e9se, n\u0151k \u00e9s f\u00e9rfiak sz\u00e1m\u00e1ra egyar\u00e1nt aj\u00e1nlatos. A kezel\u00e9s alapj\u00e1t az k\u00e9pezi, hogy amennyiben n\u00f6velj\u00fck a bel\u00e9legzett leveg\u0151 oxig\u00e9ntartalm\u00e1t, javul az \u00e9letmin\u0151s\u00e9g\u00fcnk: n\u00f6velni tudjuk a fizikai \u00e9s szellemi aktivit\u00e1sunkat.<\/p>\n<h2>A bel\u00e9legz\u00e9s hat\u00e1sai:<\/h2>\n<ul>\n<li>Elm\u00falik a fejf\u00e1j\u00e1sunk \u00e9s a kr\u00f3nikus f\u00e1radts\u00e1g\u00e9rzet\u00fcnk<\/li>\n<li>Javulnak a sporteredm\u00e9nyeink<\/li>\n<li>Jobban tudunk koncentr\u00e1lni tanul\u00e1s k\u00f6zben<\/li>\n<li>Azonnali m\u00f3don n\u00f6veli az energiabevitelt<\/li>\n<li>Stressz- \u00e9s fesz\u00fclts\u00e9gold\u00f3<\/li>\n<li>Seg\u00edti a fogy\u00e1st<\/li>\n<li>Az er\u0151s doh\u00e1nyosok eset\u00e9ben megemeli a v\u00e9r oxig\u00e9nk\u00e9szlet\u00e9t, nekik ugyanis 2-3x kevesebb oxig\u00e9nt tartalmaz a v\u00e9r\u00fck, mint norm\u00e1lis esetben.<\/li>\n<\/ul>\n<h2>Kezel\u00e9sek gyakoris\u00e1ga:<\/h2>\n<p>Hetente 1-3 alkalommal, k\u00faraszer\u0171en, 5-10 alkalommal egym\u00e1st k\u00f6vet\u0151en<\/p>\n<p><a class=\"button small green\" href=\"https:\/\/www.studioella.sk\/hu\/kezelesek\/\">Vissza a Kezel\u00e9sekhez<\/a><\/p>\n","protected":false},"excerpt":{"rendered":"<p>Az oxig\u00e9ninhal\u00e1l\u00e1s relax\u00e1ci\u00f3s kezel\u00e9s, a tiszta oxig\u00e9n bel\u00e9legz\u00e9se, n\u0151k \u00e9s f\u00e9rfiak sz\u00e1m\u00e1ra egyar\u00e1nt aj\u00e1nlatos. A kezel\u00e9s alapj\u00e1t az k\u00e9pezi, hogy amennyiben n\u00f6velj\u00fck a bel\u00e9legzett leveg\u0151 oxig\u00e9ntartalm\u00e1t, javul az \u00e9letmin\u0151s\u00e9g\u00fcnk: n\u00f6velni tudjuk a fizikai \u00e9s szellemi aktivit\u00e1sunkat. A bel\u00e9legz\u00e9s hat\u00e1sai: Elm\u00falik &hellip; <a href=\"https:\/\/www.studioella.sk\/hu\/oxigenterapia-95-szazalekos-tisztasagu-biooxigen-belelegzese\/\">Continue reading <span class=\"meta-nav\">&rarr;<\/span><\/a><\/p>\n","protected":false},"author":1,"featured_media":0,"parent":0,"menu_order":0,"comment_status":"closed","ping_status":"open","template":"","meta":{"ngg_post_thumbnail":0,"footnotes":""},"yoast_head":"<!-- This site is optimized with the Yoast SEO plugin v22.2 - https:\/\/yoast.com\/wordpress\/plugins\/seo\/ -->\n<title>Oxig\u00e9nter\u00e1pia - 95%-os tisztas\u00e1g\u00fa biooxig\u00e9n bel\u00e9legz\u00e9se - Ella St\u00fadi\u00f3<\/title>\n<meta name=\"description\" content=\"Az oxig\u00e9ninhal\u00e1l\u00e1s relax\u00e1ci\u00f3s kezel\u00e9s, a tiszta oxig\u00e9n bel\u00e9legz\u00e9se, n\u0151k \u00e9s f\u00e9rfiak sz\u00e1m\u00e1ra egyar\u00e1nt aj\u00e1nlatos.\" \/>\n<meta name=\"robots\" content=\"index, follow, max-snippet:-1, max-image-preview:large, max-video-preview:-1\" \/>\n<link rel=\"canonical\" href=\"https:\/\/www.studioella.sk\/hu\/oxigenterapia-95-szazalekos-tisztasagu-biooxigen-belelegzese\/\" \/>\n<meta property=\"og:locale\" content=\"sk_SK\" \/>\n<meta property=\"og:type\" content=\"article\" \/>\n<meta property=\"og:title\" content=\"Oxig\u00e9nter\u00e1pia - 95%-os tisztas\u00e1g\u00fa biooxig\u00e9n bel\u00e9legz\u00e9se - Ella St\u00fadi\u00f3\" \/>\n<meta property=\"og:description\" content=\"Az oxig\u00e9ninhal\u00e1l\u00e1s relax\u00e1ci\u00f3s kezel\u00e9s, a tiszta oxig\u00e9n bel\u00e9legz\u00e9se, n\u0151k \u00e9s f\u00e9rfiak sz\u00e1m\u00e1ra egyar\u00e1nt aj\u00e1nlatos.\" \/>\n<meta property=\"og:url\" content=\"https:\/\/www.studioella.sk\/hu\/oxigenterapia-95-szazalekos-tisztasagu-biooxigen-belelegzese\/\" \/>\n<meta property=\"og:site_name\" content=\"Ella St\u00fadi\u00f3\" \/>\n<meta property=\"article:modified_time\" content=\"2017-05-27T10:25:17+00:00\" \/>\n<meta name=\"twitter:label1\" content=\"Predpokladan\u00fd \u010das \u010d\u00edtania\" \/>\n\t<meta name=\"twitter:data1\" content=\"1 min\u00fata\" \/>\n<script type=\"application\/ld+json\" class=\"yoast-schema-graph\">{\"@context\":\"https:\/\/schema.org\",\"@graph\":[{\"@type\":\"WebPage\",\"@id\":\"https:\/\/www.studioella.sk\/hu\/oxigenterapia-95-szazalekos-tisztasagu-biooxigen-belelegzese\/\",\"url\":\"https:\/\/www.studioella.sk\/hu\/oxigenterapia-95-szazalekos-tisztasagu-biooxigen-belelegzese\/\",\"name\":\"Oxig\u00e9nter\u00e1pia - 95%-os tisztas\u00e1g\u00fa biooxig\u00e9n bel\u00e9legz\u00e9se - Ella St\u00fadi\u00f3\",\"isPartOf\":{\"@id\":\"https:\/\/www.studioella.sk\/hu\/#website\"},\"datePublished\":\"2013-03-08T11:47:36+00:00\",\"dateModified\":\"2017-05-27T10:25:17+00:00\",\"description\":\"Az oxig\u00e9ninhal\u00e1l\u00e1s relax\u00e1ci\u00f3s kezel\u00e9s, a tiszta oxig\u00e9n bel\u00e9legz\u00e9se, n\u0151k \u00e9s f\u00e9rfiak sz\u00e1m\u00e1ra egyar\u00e1nt aj\u00e1nlatos.\",\"breadcrumb\":{\"@id\":\"https:\/\/www.studioella.sk\/hu\/oxigenterapia-95-szazalekos-tisztasagu-biooxigen-belelegzese\/#breadcrumb\"},\"inLanguage\":\"sk-SK\",\"potentialAction\":[{\"@type\":\"ReadAction\",\"target\":[\"https:\/\/www.studioella.sk\/hu\/oxigenterapia-95-szazalekos-tisztasagu-biooxigen-belelegzese\/\"]}]},{\"@type\":\"BreadcrumbList\",\"@id\":\"https:\/\/www.studioella.sk\/hu\/oxigenterapia-95-szazalekos-tisztasagu-biooxigen-belelegzese\/#breadcrumb\",\"itemListElement\":[{\"@type\":\"ListItem\",\"position\":1,\"name\":\"F\u0151oldal\",\"item\":\"https:\/\/www.studioella.sk\/hu\/\"},{\"@type\":\"ListItem\",\"position\":2,\"name\":\"Oxig\u00e9nter\u00e1pia &#8211; 95%-os tisztas\u00e1g\u00fa biooxig\u00e9n bel\u00e9legz\u00e9se\"}]},{\"@type\":\"WebSite\",\"@id\":\"https:\/\/www.studioella.sk\/hu\/#website\",\"url\":\"https:\/\/www.studioella.sk\/hu\/\",\"name\":\"Ella St\u00fadi\u00f3\",\"description\":\"\",\"potentialAction\":[{\"@type\":\"SearchAction\",\"target\":{\"@type\":\"EntryPoint\",\"urlTemplate\":\"https:\/\/www.studioella.sk\/hu\/?s={search_term_string}\"},\"query-input\":\"required name=search_term_string\"}],\"inLanguage\":\"sk-SK\"}]}<\/script>\n<!-- \/ Yoast SEO plugin. -->","yoast_head_json":{"title":"Oxig\u00e9nter\u00e1pia - 95%-os tisztas\u00e1g\u00fa biooxig\u00e9n bel\u00e9legz\u00e9se - Ella St\u00fadi\u00f3","description":"Az oxig\u00e9ninhal\u00e1l\u00e1s relax\u00e1ci\u00f3s kezel\u00e9s, a tiszta oxig\u00e9n bel\u00e9legz\u00e9se, n\u0151k \u00e9s f\u00e9rfiak sz\u00e1m\u00e1ra egyar\u00e1nt aj\u00e1nlatos.","robots":{"index":"index","follow":"follow","max-snippet":"max-snippet:-1","max-image-preview":"max-image-preview:large","max-video-preview":"max-video-preview:-1"},"canonical":"https:\/\/www.studioella.sk\/hu\/oxigenterapia-95-szazalekos-tisztasagu-biooxigen-belelegzese\/","og_locale":"sk_SK","og_type":"article","og_title":"Oxig\u00e9nter\u00e1pia - 95%-os tisztas\u00e1g\u00fa biooxig\u00e9n bel\u00e9legz\u00e9se - Ella St\u00fadi\u00f3","og_description":"Az oxig\u00e9ninhal\u00e1l\u00e1s relax\u00e1ci\u00f3s kezel\u00e9s, a tiszta oxig\u00e9n bel\u00e9legz\u00e9se, n\u0151k \u00e9s f\u00e9rfiak sz\u00e1m\u00e1ra egyar\u00e1nt aj\u00e1nlatos.","og_url":"https:\/\/www.studioella.sk\/hu\/oxigenterapia-95-szazalekos-tisztasagu-biooxigen-belelegzese\/","og_site_name":"Ella St\u00fadi\u00f3","article_modified_time":"2017-05-27T10:25:17+00:00","twitter_misc":{"Predpokladan\u00fd \u010das \u010d\u00edtania":"1 min\u00fata"},"schema":{"@context":"https:\/\/schema.org","@graph":[{"@type":"WebPage","@id":"https:\/\/www.studioella.sk\/hu\/oxigenterapia-95-szazalekos-tisztasagu-biooxigen-belelegzese\/","url":"https:\/\/www.studioella.sk\/hu\/oxigenterapia-95-szazalekos-tisztasagu-biooxigen-belelegzese\/","name":"Oxig\u00e9nter\u00e1pia - 95%-os tisztas\u00e1g\u00fa biooxig\u00e9n bel\u00e9legz\u00e9se - Ella St\u00fadi\u00f3","isPartOf":{"@id":"https:\/\/www.studioella.sk\/hu\/#website"},"datePublished":"2013-03-08T11:47:36+00:00","dateModified":"2017-05-27T10:25:17+00:00","description":"Az oxig\u00e9ninhal\u00e1l\u00e1s relax\u00e1ci\u00f3s kezel\u00e9s, a tiszta oxig\u00e9n bel\u00e9legz\u00e9se, n\u0151k \u00e9s f\u00e9rfiak sz\u00e1m\u00e1ra egyar\u00e1nt aj\u00e1nlatos.","breadcrumb":{"@id":"https:\/\/www.studioella.sk\/hu\/oxigenterapia-95-szazalekos-tisztasagu-biooxigen-belelegzese\/#breadcrumb"},"inLanguage":"sk-SK","potentialAction":[{"@type":"ReadAction","target":["https:\/\/www.studioella.sk\/hu\/oxigenterapia-95-szazalekos-tisztasagu-biooxigen-belelegzese\/"]}]},{"@type":"BreadcrumbList","@id":"https:\/\/www.studioella.sk\/hu\/oxigenterapia-95-szazalekos-tisztasagu-biooxigen-belelegzese\/#breadcrumb","itemListElement":[{"@type":"ListItem","position":1,"name":"F\u0151oldal","item":"https:\/\/www.studioella.sk\/hu\/"},{"@type":"ListItem","position":2,"name":"Oxig\u00e9nter\u00e1pia &#8211; 95%-os tisztas\u00e1g\u00fa biooxig\u00e9n bel\u00e9legz\u00e9se"}]},{"@type":"WebSite","@id":"https:\/\/www.studioella.sk\/hu\/#website","url":"https:\/\/www.studioella.sk\/hu\/","name":"Ella St\u00fadi\u00f3","description":"","potentialAction":[{"@type":"SearchAction","target":{"@type":"EntryPoint","urlTemplate":"https:\/\/www.studioella.sk\/hu\/?s={search_term_string}"},"query-input":"required name=search_term_string"}],"inLanguage":"sk-SK"}]}},"_links":{"self":[{"href":"https:\/\/www.studioella.sk\/hu\/wp-json\/wp\/v2\/pages\/54"}],"collection":[{"href":"https:\/\/www.studioella.sk\/hu\/wp-json\/wp\/v2\/pages"}],"about":[{"href":"https:\/\/www.studioella.sk\/hu\/wp-json\/wp\/v2\/types\/page"}],"author":[{"embeddable":true,"href":"https:\/\/www.studioella.sk\/hu\/wp-json\/wp\/v2\/users\/1"}],"replies":[{"embeddable":true,"href":"https:\/\/www.studioella.sk\/hu\/wp-json\/wp\/v2\/comments?post=54"}],"version-history":[{"count":5,"href":"https:\/\/www.studioella.sk\/hu\/wp-json\/wp\/v2\/pages\/54\/revisions"}],"predecessor-version":[{"id":283,"href":"https:\/\/www.studioella.sk\/hu\/wp-json\/wp\/v2\/pages\/54\/revisions\/283"}],"wp:attachment":[{"href":"https:\/\/www.studioella.sk\/hu\/wp-json\/wp\/v2\/media?parent=54"}],"curies":[{"name":"wp","href":"https:\/\/api.w.org\/{rel}","templated":true}]}}