{"id":69,"date":"2013-03-09T09:50:43","date_gmt":"2013-03-09T07:50:43","guid":{"rendered":"http:\/\/www.studioella.sk\/hu\/?page_id=69"},"modified":"2017-05-27T12:23:06","modified_gmt":"2017-05-27T10:23:06","slug":"galvanikus-rancvasalo","status":"publish","type":"page","link":"https:\/\/www.studioella.sk\/hu\/galvanikus-rancvasalo\/","title":{"rendered":"Galvanikus r\u00e1ncvasal\u00f3"},"content":{"rendered":"<p>Exkluz\u00edv kozmetikai eszk\u00f6z a r\u00e1ncok, a cellulitisz \u00e9s a stri\u00e1k elt\u00fcntet\u00e9s\u00e9re. A m\u00f3dszer abb\u00f3l \u00e1ll, hogy b\u0151rt speci\u00e1lis akt\u00edv sz\u00e9rumokkal kezelj\u00fck, melyet a galvanikus \u00e1ram \u00e9s a k\u00e9sz\u00fcl\u00e9k seg\u00edts\u00e9g\u00e9vel a b\u0151r m\u00e9lyebb r\u00e9tegeibe vissz\u00fck.<\/p>\n<p>A kezel\u00e9s eredm\u00e9nye azonnal, m\u00e1r az els\u0151 alkalommal j\u00f3l l\u00e1that\u00f3.<\/p>\n<p><a class=\"button small green\" href=\"https:\/\/www.studioella.sk\/hu\/kezelesek\/\">Vissza a Kezel\u00e9sekhez<\/a><\/p>\n","protected":false},"excerpt":{"rendered":"<p>Exkluz\u00edv kozmetikai eszk\u00f6z a r\u00e1ncok, a cellulitisz \u00e9s a stri\u00e1k elt\u00fcntet\u00e9s\u00e9re. A m\u00f3dszer abb\u00f3l \u00e1ll, hogy b\u0151rt speci\u00e1lis akt\u00edv sz\u00e9rumokkal kezelj\u00fck, melyet a galvanikus \u00e1ram \u00e9s a k\u00e9sz\u00fcl\u00e9k seg\u00edts\u00e9g\u00e9vel a b\u0151r m\u00e9lyebb r\u00e9tegeibe vissz\u00fck. A kezel\u00e9s eredm\u00e9nye azonnal, m\u00e1r az &hellip; <a href=\"https:\/\/www.studioella.sk\/hu\/galvanikus-rancvasalo\/\">Continue reading <span class=\"meta-nav\">&rarr;<\/span><\/a><\/p>\n","protected":false},"author":1,"featured_media":0,"parent":0,"menu_order":0,"comment_status":"closed","ping_status":"open","template":"","meta":{"ngg_post_thumbnail":0,"footnotes":""},"yoast_head":"<!-- This site is optimized with the Yoast SEO plugin v22.2 - https:\/\/yoast.com\/wordpress\/plugins\/seo\/ -->\n<title>Galvanikus r\u00e1ncvasal\u00f3 - Ella St\u00fadi\u00f3<\/title>\n<meta name=\"description\" content=\"Galvanikus r\u00e1ncvasal\u00f3 - exkluz\u00edv kozmetikai eszk\u00f6z a r\u00e1ncok, a cellulitisz \u00e9s a stri\u00e1k elt\u00fcntet\u00e9s\u00e9re.\" \/>\n<meta name=\"robots\" content=\"index, follow, max-snippet:-1, max-image-preview:large, max-video-preview:-1\" \/>\n<link rel=\"canonical\" href=\"https:\/\/www.studioella.sk\/hu\/galvanikus-rancvasalo\/\" \/>\n<meta property=\"og:locale\" content=\"sk_SK\" \/>\n<meta property=\"og:type\" content=\"article\" \/>\n<meta property=\"og:title\" content=\"Galvanikus r\u00e1ncvasal\u00f3 - Ella St\u00fadi\u00f3\" \/>\n<meta property=\"og:description\" content=\"Galvanikus r\u00e1ncvasal\u00f3 - exkluz\u00edv kozmetikai eszk\u00f6z a r\u00e1ncok, a cellulitisz \u00e9s a stri\u00e1k elt\u00fcntet\u00e9s\u00e9re.\" \/>\n<meta property=\"og:url\" content=\"https:\/\/www.studioella.sk\/hu\/galvanikus-rancvasalo\/\" \/>\n<meta property=\"og:site_name\" content=\"Ella St\u00fadi\u00f3\" \/>\n<meta property=\"article:modified_time\" content=\"2017-05-27T10:23:06+00:00\" \/>\n<script type=\"application\/ld+json\" class=\"yoast-schema-graph\">{\"@context\":\"https:\/\/schema.org\",\"@graph\":[{\"@type\":\"WebPage\",\"@id\":\"https:\/\/www.studioella.sk\/hu\/galvanikus-rancvasalo\/\",\"url\":\"https:\/\/www.studioella.sk\/hu\/galvanikus-rancvasalo\/\",\"name\":\"Galvanikus r\u00e1ncvasal\u00f3 - Ella St\u00fadi\u00f3\",\"isPartOf\":{\"@id\":\"https:\/\/www.studioella.sk\/hu\/#website\"},\"datePublished\":\"2013-03-09T07:50:43+00:00\",\"dateModified\":\"2017-05-27T10:23:06+00:00\",\"description\":\"Galvanikus r\u00e1ncvasal\u00f3 - exkluz\u00edv kozmetikai eszk\u00f6z a r\u00e1ncok, a cellulitisz \u00e9s a stri\u00e1k elt\u00fcntet\u00e9s\u00e9re.\",\"breadcrumb\":{\"@id\":\"https:\/\/www.studioella.sk\/hu\/galvanikus-rancvasalo\/#breadcrumb\"},\"inLanguage\":\"sk-SK\",\"potentialAction\":[{\"@type\":\"ReadAction\",\"target\":[\"https:\/\/www.studioella.sk\/hu\/galvanikus-rancvasalo\/\"]}]},{\"@type\":\"BreadcrumbList\",\"@id\":\"https:\/\/www.studioella.sk\/hu\/galvanikus-rancvasalo\/#breadcrumb\",\"itemListElement\":[{\"@type\":\"ListItem\",\"position\":1,\"name\":\"F\u0151oldal\",\"item\":\"https:\/\/www.studioella.sk\/hu\/\"},{\"@type\":\"ListItem\",\"position\":2,\"name\":\"Galvanikus r\u00e1ncvasal\u00f3\"}]},{\"@type\":\"WebSite\",\"@id\":\"https:\/\/www.studioella.sk\/hu\/#website\",\"url\":\"https:\/\/www.studioella.sk\/hu\/\",\"name\":\"Ella St\u00fadi\u00f3\",\"description\":\"\",\"potentialAction\":[{\"@type\":\"SearchAction\",\"target\":{\"@type\":\"EntryPoint\",\"urlTemplate\":\"https:\/\/www.studioella.sk\/hu\/?s={search_term_string}\"},\"query-input\":\"required name=search_term_string\"}],\"inLanguage\":\"sk-SK\"}]}<\/script>\n<!-- \/ Yoast SEO plugin. -->","yoast_head_json":{"title":"Galvanikus r\u00e1ncvasal\u00f3 - Ella St\u00fadi\u00f3","description":"Galvanikus r\u00e1ncvasal\u00f3 - exkluz\u00edv kozmetikai eszk\u00f6z a r\u00e1ncok, a cellulitisz \u00e9s a stri\u00e1k elt\u00fcntet\u00e9s\u00e9re.","robots":{"index":"index","follow":"follow","max-snippet":"max-snippet:-1","max-image-preview":"max-image-preview:large","max-video-preview":"max-video-preview:-1"},"canonical":"https:\/\/www.studioella.sk\/hu\/galvanikus-rancvasalo\/","og_locale":"sk_SK","og_type":"article","og_title":"Galvanikus r\u00e1ncvasal\u00f3 - Ella St\u00fadi\u00f3","og_description":"Galvanikus r\u00e1ncvasal\u00f3 - exkluz\u00edv kozmetikai eszk\u00f6z a r\u00e1ncok, a cellulitisz \u00e9s a stri\u00e1k elt\u00fcntet\u00e9s\u00e9re.","og_url":"https:\/\/www.studioella.sk\/hu\/galvanikus-rancvasalo\/","og_site_name":"Ella St\u00fadi\u00f3","article_modified_time":"2017-05-27T10:23:06+00:00","schema":{"@context":"https:\/\/schema.org","@graph":[{"@type":"WebPage","@id":"https:\/\/www.studioella.sk\/hu\/galvanikus-rancvasalo\/","url":"https:\/\/www.studioella.sk\/hu\/galvanikus-rancvasalo\/","name":"Galvanikus r\u00e1ncvasal\u00f3 - Ella St\u00fadi\u00f3","isPartOf":{"@id":"https:\/\/www.studioella.sk\/hu\/#website"},"datePublished":"2013-03-09T07:50:43+00:00","dateModified":"2017-05-27T10:23:06+00:00","description":"Galvanikus r\u00e1ncvasal\u00f3 - exkluz\u00edv kozmetikai eszk\u00f6z a r\u00e1ncok, a cellulitisz \u00e9s a stri\u00e1k elt\u00fcntet\u00e9s\u00e9re.","breadcrumb":{"@id":"https:\/\/www.studioella.sk\/hu\/galvanikus-rancvasalo\/#breadcrumb"},"inLanguage":"sk-SK","potentialAction":[{"@type":"ReadAction","target":["https:\/\/www.studioella.sk\/hu\/galvanikus-rancvasalo\/"]}]},{"@type":"BreadcrumbList","@id":"https:\/\/www.studioella.sk\/hu\/galvanikus-rancvasalo\/#breadcrumb","itemListElement":[{"@type":"ListItem","position":1,"name":"F\u0151oldal","item":"https:\/\/www.studioella.sk\/hu\/"},{"@type":"ListItem","position":2,"name":"Galvanikus r\u00e1ncvasal\u00f3"}]},{"@type":"WebSite","@id":"https:\/\/www.studioella.sk\/hu\/#website","url":"https:\/\/www.studioella.sk\/hu\/","name":"Ella St\u00fadi\u00f3","description":"","potentialAction":[{"@type":"SearchAction","target":{"@type":"EntryPoint","urlTemplate":"https:\/\/www.studioella.sk\/hu\/?s={search_term_string}"},"query-input":"required name=search_term_string"}],"inLanguage":"sk-SK"}]}},"_links":{"self":[{"href":"https:\/\/www.studioella.sk\/hu\/wp-json\/wp\/v2\/pages\/69"}],"collection":[{"href":"https:\/\/www.studioella.sk\/hu\/wp-json\/wp\/v2\/pages"}],"about":[{"href":"https:\/\/www.studioella.sk\/hu\/wp-json\/wp\/v2\/types\/page"}],"author":[{"embeddable":true,"href":"https:\/\/www.studioella.sk\/hu\/wp-json\/wp\/v2\/users\/1"}],"replies":[{"embeddable":true,"href":"https:\/\/www.studioella.sk\/hu\/wp-json\/wp\/v2\/comments?post=69"}],"version-history":[{"count":4,"href":"https:\/\/www.studioella.sk\/hu\/wp-json\/wp\/v2\/pages\/69\/revisions"}],"predecessor-version":[{"id":285,"href":"https:\/\/www.studioella.sk\/hu\/wp-json\/wp\/v2\/pages\/69\/revisions\/285"}],"wp:attachment":[{"href":"https:\/\/www.studioella.sk\/hu\/wp-json\/wp\/v2\/media?parent=69"}],"curies":[{"name":"wp","href":"https:\/\/api.w.org\/{rel}","templated":true}]}}