{"id":88,"date":"2013-03-10T10:44:21","date_gmt":"2013-03-10T08:44:21","guid":{"rendered":"http:\/\/www.studioella.sk\/hu\/?page_id=88"},"modified":"2017-05-27T12:24:28","modified_gmt":"2017-05-27T10:24:28","slug":"sminkiskola","status":"publish","type":"page","link":"https:\/\/www.studioella.sk\/hu\/sminkiskola\/","title":{"rendered":"Sminkiskola"},"content":{"rendered":"<p><a href=\"https:\/\/www.studioella.sk\/wp-content\/uploads\/2013\/03\/skola_licenia_01.jpg\"><img loading=\"lazy\" decoding=\"async\" class=\"alignleft wp-image-276 size-full\" src=\"\/\/www.studioella.sk\/wp-content\/uploads\/2013\/03\/skola_licenia_01.jpg\" alt=\"skola_licenia_01\" width=\"225\" height=\"300\"><\/a><\/p>\n<p>Egy\u00f3r\u00e1s oktat\u00f3 foglalkoz\u00e1s, melynek t\u00e9m\u00e1ja a sminkel\u00e9s \u00e9s a megfelel\u0151 sz\u00ednek kiv\u00e1laszt\u00e1sa a vend\u00e9gek r\u00e9sz\u00e9re.<\/p>\n<p>V\u00e1s\u00e1rl\u00e1s vagy el\u0151rendel\u00e9s eset\u00e9n a Sminkiskola r\u00e9sztvev\u0151i 15%-os \u00e1rengedm\u00e9nyt kapnak a v\u00e1s\u00e1rolt vagy megrendelt sminkkozmetikumokra.<\/p>\n<p><a href=\"https:\/\/www.studioella.sk\/wp-content\/uploads\/2013\/03\/skola_licenia_02.jpg\"><img loading=\"lazy\" decoding=\"async\" class=\"alignleft wp-image-277 size-full\" src=\"\/\/www.studioella.sk\/wp-content\/uploads\/2013\/03\/skola_licenia_02.jpg\" alt=\"skola_licenia_02\" width=\"200\" height=\"150\"><\/a><\/p>\n<p><a class=\"button small green\" href=\"https:\/\/www.studioella.sk\/hu\/kezelesek\/\">Vissza a Kezel\u00e9sekhez<\/a><\/p>\n","protected":false},"excerpt":{"rendered":"<p>Egy\u00f3r\u00e1s oktat\u00f3 foglalkoz\u00e1s, melynek t\u00e9m\u00e1ja a sminkel\u00e9s \u00e9s a megfelel\u0151 sz\u00ednek kiv\u00e1laszt\u00e1sa a vend\u00e9gek r\u00e9sz\u00e9re. V\u00e1s\u00e1rl\u00e1s vagy el\u0151rendel\u00e9s eset\u00e9n a Sminkiskola r\u00e9sztvev\u0151i 15%-os \u00e1rengedm\u00e9nyt kapnak a v\u00e1s\u00e1rolt vagy megrendelt sminkkozmetikumokra.<\/p>\n","protected":false},"author":1,"featured_media":0,"parent":0,"menu_order":0,"comment_status":"closed","ping_status":"open","template":"","meta":{"ngg_post_thumbnail":0,"footnotes":""},"yoast_head":"<!-- This site is optimized with the Yoast SEO plugin v22.2 - https:\/\/yoast.com\/wordpress\/plugins\/seo\/ -->\n<title>Sminkiskola - Ella St\u00fadi\u00f3<\/title>\n<meta name=\"description\" content=\"A sminkiskola egy\u00f3r\u00e1s oktat\u00e1s, melynek t\u00e9m\u00e1ja a sminkel\u00e9s \u00e9s a megfelel\u0151 sz\u00ednek kiv\u00e1laszt\u00e1sa a vend\u00e9gek r\u00e9sz\u00e9re.\" \/>\n<meta name=\"robots\" content=\"index, follow, max-snippet:-1, max-image-preview:large, max-video-preview:-1\" \/>\n<link rel=\"canonical\" href=\"https:\/\/www.studioella.sk\/hu\/sminkiskola\/\" \/>\n<meta property=\"og:locale\" content=\"sk_SK\" \/>\n<meta property=\"og:type\" content=\"article\" \/>\n<meta property=\"og:title\" content=\"Sminkiskola - Ella St\u00fadi\u00f3\" \/>\n<meta property=\"og:description\" content=\"A sminkiskola egy\u00f3r\u00e1s oktat\u00e1s, melynek t\u00e9m\u00e1ja a sminkel\u00e9s \u00e9s a megfelel\u0151 sz\u00ednek kiv\u00e1laszt\u00e1sa a vend\u00e9gek r\u00e9sz\u00e9re.\" \/>\n<meta property=\"og:url\" content=\"https:\/\/www.studioella.sk\/hu\/sminkiskola\/\" \/>\n<meta property=\"og:site_name\" content=\"Ella St\u00fadi\u00f3\" \/>\n<meta property=\"article:modified_time\" content=\"2017-05-27T10:24:28+00:00\" \/>\n<script type=\"application\/ld+json\" class=\"yoast-schema-graph\">{\"@context\":\"https:\/\/schema.org\",\"@graph\":[{\"@type\":\"WebPage\",\"@id\":\"https:\/\/www.studioella.sk\/hu\/sminkiskola\/\",\"url\":\"https:\/\/www.studioella.sk\/hu\/sminkiskola\/\",\"name\":\"Sminkiskola - Ella St\u00fadi\u00f3\",\"isPartOf\":{\"@id\":\"https:\/\/www.studioella.sk\/hu\/#website\"},\"datePublished\":\"2013-03-10T08:44:21+00:00\",\"dateModified\":\"2017-05-27T10:24:28+00:00\",\"description\":\"A sminkiskola egy\u00f3r\u00e1s oktat\u00e1s, melynek t\u00e9m\u00e1ja a sminkel\u00e9s \u00e9s a megfelel\u0151 sz\u00ednek kiv\u00e1laszt\u00e1sa a vend\u00e9gek r\u00e9sz\u00e9re.\",\"breadcrumb\":{\"@id\":\"https:\/\/www.studioella.sk\/hu\/sminkiskola\/#breadcrumb\"},\"inLanguage\":\"sk-SK\",\"potentialAction\":[{\"@type\":\"ReadAction\",\"target\":[\"https:\/\/www.studioella.sk\/hu\/sminkiskola\/\"]}]},{\"@type\":\"BreadcrumbList\",\"@id\":\"https:\/\/www.studioella.sk\/hu\/sminkiskola\/#breadcrumb\",\"itemListElement\":[{\"@type\":\"ListItem\",\"position\":1,\"name\":\"F\u0151oldal\",\"item\":\"https:\/\/www.studioella.sk\/hu\/\"},{\"@type\":\"ListItem\",\"position\":2,\"name\":\"Sminkiskola\"}]},{\"@type\":\"WebSite\",\"@id\":\"https:\/\/www.studioella.sk\/hu\/#website\",\"url\":\"https:\/\/www.studioella.sk\/hu\/\",\"name\":\"Ella St\u00fadi\u00f3\",\"description\":\"\",\"potentialAction\":[{\"@type\":\"SearchAction\",\"target\":{\"@type\":\"EntryPoint\",\"urlTemplate\":\"https:\/\/www.studioella.sk\/hu\/?s={search_term_string}\"},\"query-input\":\"required name=search_term_string\"}],\"inLanguage\":\"sk-SK\"}]}<\/script>\n<!-- \/ Yoast SEO plugin. -->","yoast_head_json":{"title":"Sminkiskola - Ella St\u00fadi\u00f3","description":"A sminkiskola egy\u00f3r\u00e1s oktat\u00e1s, melynek t\u00e9m\u00e1ja a sminkel\u00e9s \u00e9s a megfelel\u0151 sz\u00ednek kiv\u00e1laszt\u00e1sa a vend\u00e9gek r\u00e9sz\u00e9re.","robots":{"index":"index","follow":"follow","max-snippet":"max-snippet:-1","max-image-preview":"max-image-preview:large","max-video-preview":"max-video-preview:-1"},"canonical":"https:\/\/www.studioella.sk\/hu\/sminkiskola\/","og_locale":"sk_SK","og_type":"article","og_title":"Sminkiskola - Ella St\u00fadi\u00f3","og_description":"A sminkiskola egy\u00f3r\u00e1s oktat\u00e1s, melynek t\u00e9m\u00e1ja a sminkel\u00e9s \u00e9s a megfelel\u0151 sz\u00ednek kiv\u00e1laszt\u00e1sa a vend\u00e9gek r\u00e9sz\u00e9re.","og_url":"https:\/\/www.studioella.sk\/hu\/sminkiskola\/","og_site_name":"Ella St\u00fadi\u00f3","article_modified_time":"2017-05-27T10:24:28+00:00","schema":{"@context":"https:\/\/schema.org","@graph":[{"@type":"WebPage","@id":"https:\/\/www.studioella.sk\/hu\/sminkiskola\/","url":"https:\/\/www.studioella.sk\/hu\/sminkiskola\/","name":"Sminkiskola - Ella St\u00fadi\u00f3","isPartOf":{"@id":"https:\/\/www.studioella.sk\/hu\/#website"},"datePublished":"2013-03-10T08:44:21+00:00","dateModified":"2017-05-27T10:24:28+00:00","description":"A sminkiskola egy\u00f3r\u00e1s oktat\u00e1s, melynek t\u00e9m\u00e1ja a sminkel\u00e9s \u00e9s a megfelel\u0151 sz\u00ednek kiv\u00e1laszt\u00e1sa a vend\u00e9gek r\u00e9sz\u00e9re.","breadcrumb":{"@id":"https:\/\/www.studioella.sk\/hu\/sminkiskola\/#breadcrumb"},"inLanguage":"sk-SK","potentialAction":[{"@type":"ReadAction","target":["https:\/\/www.studioella.sk\/hu\/sminkiskola\/"]}]},{"@type":"BreadcrumbList","@id":"https:\/\/www.studioella.sk\/hu\/sminkiskola\/#breadcrumb","itemListElement":[{"@type":"ListItem","position":1,"name":"F\u0151oldal","item":"https:\/\/www.studioella.sk\/hu\/"},{"@type":"ListItem","position":2,"name":"Sminkiskola"}]},{"@type":"WebSite","@id":"https:\/\/www.studioella.sk\/hu\/#website","url":"https:\/\/www.studioella.sk\/hu\/","name":"Ella St\u00fadi\u00f3","description":"","potentialAction":[{"@type":"SearchAction","target":{"@type":"EntryPoint","urlTemplate":"https:\/\/www.studioella.sk\/hu\/?s={search_term_string}"},"query-input":"required name=search_term_string"}],"inLanguage":"sk-SK"}]}},"_links":{"self":[{"href":"https:\/\/www.studioella.sk\/hu\/wp-json\/wp\/v2\/pages\/88"}],"collection":[{"href":"https:\/\/www.studioella.sk\/hu\/wp-json\/wp\/v2\/pages"}],"about":[{"href":"https:\/\/www.studioella.sk\/hu\/wp-json\/wp\/v2\/types\/page"}],"author":[{"embeddable":true,"href":"https:\/\/www.studioella.sk\/hu\/wp-json\/wp\/v2\/users\/1"}],"replies":[{"embeddable":true,"href":"https:\/\/www.studioella.sk\/hu\/wp-json\/wp\/v2\/comments?post=88"}],"version-history":[{"count":9,"href":"https:\/\/www.studioella.sk\/hu\/wp-json\/wp\/v2\/pages\/88\/revisions"}],"predecessor-version":[{"id":296,"href":"https:\/\/www.studioella.sk\/hu\/wp-json\/wp\/v2\/pages\/88\/revisions\/296"}],"wp:attachment":[{"href":"https:\/\/www.studioella.sk\/hu\/wp-json\/wp\/v2\/media?parent=88"}],"curies":[{"name":"wp","href":"https:\/\/api.w.org\/{rel}","templated":true}]}}